{"id":829,"date":"2025-01-07T17:09:00","date_gmt":"2025-01-07T17:09:00","guid":{"rendered":"http:\/\/productionsolo.com\/services\/?page_id=829"},"modified":"2025-01-25T03:16:49","modified_gmt":"2025-01-25T03:16:49","slug":"services-dj-valleyfield","status":"publish","type":"page","link":"https:\/\/productionsolo.com\/services\/services-dj-valleyfield\/","title":{"rendered":"DJ \u00e0 Valleyfield et les environs &#8211; Services professionnels"},"content":{"rendered":"<p>[et_pb_section fb_built=\u00a0\u00bb1&Prime; _builder_version=\u00a0\u00bb4.27.4&Prime; _module_preset=\u00a0\u00bbdefault\u00a0\u00bb background_image=\u00a0\u00bbhttps:\/\/productionsolo.com\/services\/wp-content\/uploads\/2025\/01\/valleyfield-DJ.jpg\u00a0\u00bb parallax=\u00a0\u00bbon\u00a0\u00bb min_height=\u00a0\u00bb635px\u00a0\u00bb global_colors_info=\u00a0\u00bb{}\u00a0\u00bb][et_pb_row _builder_version=\u00a0\u00bb4.27.4&Prime; _module_preset=\u00a0\u00bbdefault\u00a0\u00bb custom_padding=\u00a0\u00bb27px|||||\u00a0\u00bb global_colors_info=\u00a0\u00bb{}\u00a0\u00bb][et_pb_column type=\u00a0\u00bb4_4&Prime; _builder_version=\u00a0\u00bb4.27.4&Prime; _module_preset=\u00a0\u00bbdefault\u00a0\u00bb global_colors_info=\u00a0\u00bb{}\u00a0\u00bb][et_pb_text _builder_version=\u00a0\u00bb4.27.4&Prime; _module_preset=\u00a0\u00bbdefault\u00a0\u00bb background_color=\u00a0\u00bbrgba(255,255,255,0.62)\u00a0\u00bb custom_padding=\u00a0\u00bb27px|27px|27px|27px|true|true\u00a0\u00bb hover_enabled=\u00a0\u00bb0&Prime; global_colors_info=\u00a0\u00bb{}\u00a0\u00bb sticky_enabled=\u00a0\u00bb0&Prime;]<\/p>\n<p><a id=\"top\"><\/a><\/p>\n<h1>Faites Vibrer <strong>Valleyfield<\/strong> avec Nos Services de <strong>DJ<\/strong> Exceptionnels!<\/h1>\n<p>Vous cherchez \u00e0 organiser un \u00e9v\u00e9nement m\u00e9morable \u00e0 Valleyfield? Ne cherchez pas plus loin! Nos services de DJ sont l\u00e0 pour transformer chaque occasion en une exp\u00e9rience inoubliable.<\/p>\n<h2>Pourquoi Valleyfield?<\/h2>\n<p>Nich\u00e9 au bord du magnifique fleuve Saint-Laurent, Valleyfield est une ville pittoresque reconnue pour ses paysages enchanteurs et son ambiance conviviale. Que ce soit pour un mariage f\u00e9erique, une f\u00eate d&rsquo;anniversaire \u00e9clatante ou un \u00e9v\u00e9nement corporatif dynamique, Valleyfield offre le cadre id\u00e9al. Et qui de mieux pour animer votre \u00e9v\u00e9nement qu&rsquo;un DJ qui comprend le pouls de cette communaut\u00e9 vibrante?<\/p>\n<p>[\/et_pb_text][\/et_pb_column][\/et_pb_row][et_pb_row column_structure=\u00a0\u00bb1_2,1_2&Prime; _builder_version=\u00a0\u00bb4.27.4&Prime; _module_preset=\u00a0\u00bbdefault\u00a0\u00bb custom_margin=\u00a0\u00bb4px|auto||auto||\u00a0\u00bb global_colors_info=\u00a0\u00bb{}\u00a0\u00bb][et_pb_column type=\u00a0\u00bb1_2&Prime; _builder_version=\u00a0\u00bb4.27.4&Prime; _module_preset=\u00a0\u00bbdefault\u00a0\u00bb global_colors_info=\u00a0\u00bb{}\u00a0\u00bb][et_pb_image src=\u00a0\u00bbhttps:\/\/productionsolo.com\/services\/wp-content\/uploads\/2017\/07\/case2.png\u00a0\u00bb title_text=\u00a0\u00bbcase2&Prime; align=\u00a0\u00bbcenter\u00a0\u00bb _builder_version=\u00a0\u00bb4.27.4&Prime; _module_preset=\u00a0\u00bbdefault\u00a0\u00bb custom_margin=\u00a0\u00bb2px|||||\u00a0\u00bb global_colors_info=\u00a0\u00bb{}\u00a0\u00bb][\/et_pb_image][\/et_pb_column][et_pb_column type=\u00a0\u00bb1_2&Prime; _builder_version=\u00a0\u00bb4.27.4&Prime; _module_preset=\u00a0\u00bbdefault\u00a0\u00bb global_colors_info=\u00a0\u00bb{}\u00a0\u00bb][et_pb_image src=\u00a0\u00bbhttps:\/\/productionsolo.com\/services\/wp-content\/uploads\/2016\/10\/dj.png\u00a0\u00bb title_text=\u00a0\u00bbdj\u00a0\u00bb _builder_version=\u00a0\u00bb4.27.4&Prime; _module_preset=\u00a0\u00bbdefault\u00a0\u00bb global_colors_info=\u00a0\u00bb{}\u00a0\u00bb][\/et_pb_image][\/et_pb_column][\/et_pb_row][\/et_pb_section][et_pb_section fb_built=\u00a0\u00bb1&Prime; _builder_version=\u00a0\u00bb4.27.4&Prime; _module_preset=\u00a0\u00bbdefault\u00a0\u00bb custom_padding=\u00a0\u00bb||0px|||\u00a0\u00bb global_colors_info=\u00a0\u00bb{}\u00a0\u00bb][et_pb_row _builder_version=\u00a0\u00bb4.27.4&Prime; _module_preset=\u00a0\u00bbdefault\u00a0\u00bb global_colors_info=\u00a0\u00bb{}\u00a0\u00bb][et_pb_column type=\u00a0\u00bb4_4&Prime; _builder_version=\u00a0\u00bb4.27.4&Prime; _module_preset=\u00a0\u00bbdefault\u00a0\u00bb global_colors_info=\u00a0\u00bb{}\u00a0\u00bb][et_pb_image src=\u00a0\u00bbhttps:\/\/productionsolo.com\/services\/wp-content\/uploads\/2025\/01\/disc.png\u00a0\u00bb title_text=\u00a0\u00bbdisc\u00a0\u00bb align=\u00a0\u00bbcenter\u00a0\u00bb _builder_version=\u00a0\u00bb4.27.4&Prime; _module_preset=\u00a0\u00bbdefault\u00a0\u00bb custom_margin=\u00a0\u00bb-135px|||||\u00a0\u00bb scroll_rotating_enable=\u00a0\u00bbon\u00a0\u00bb scroll_rotating=\u00a0\u00bb0|50|50|100|-360\u00b0|0|360\u00b0\u00a0\u00bb global_colors_info=\u00a0\u00bb{}\u00a0\u00bb][\/et_pb_image][\/et_pb_column][\/et_pb_row][\/et_pb_section][et_pb_section fb_built=\u00a0\u00bb1&Prime; _builder_version=\u00a0\u00bb4.27.4&Prime; _module_preset=\u00a0\u00bbdefault\u00a0\u00bb custom_padding=\u00a0\u00bb11px|||||\u00a0\u00bb global_colors_info=\u00a0\u00bb{}\u00a0\u00bb][et_pb_row _builder_version=\u00a0\u00bb4.27.4&Prime; _module_preset=\u00a0\u00bbdefault\u00a0\u00bb global_colors_info=\u00a0\u00bb{}\u00a0\u00bb][et_pb_column type=\u00a0\u00bb4_4&Prime; _builder_version=\u00a0\u00bb4.27.4&Prime; _module_preset=\u00a0\u00bbdefault\u00a0\u00bb global_colors_info=\u00a0\u00bb{}\u00a0\u00bb][et_pb_text _builder_version=\u00a0\u00bb4.27.4&Prime; _module_preset=\u00a0\u00bbdefault\u00a0\u00bb global_colors_info=\u00a0\u00bb{}\u00a0\u00bb]<\/p>\n<h3>Nos Services de DJ Incluent :<\/h3>\n<ul>\n<li><strong>Mariages Magiques<\/strong>: Transformez votre journ\u00e9e sp\u00e9ciale en un conte de f\u00e9es musical avec une s\u00e9lection qui vous ressemble.<\/li>\n<li><strong>Anniversaires \u00c9blouissants<\/strong>: Faites de chaque ann\u00e9e un \u00e9v\u00e9nement m\u00e9morable avec des playlists qui vous feront danser toute la nuit.<\/li>\n<li><strong>Soir\u00e9es Corporatives Dynamisantes<\/strong>: Cr\u00e9ez un environnement professionnel mais fun qui laisse une impression durable.<\/li>\n<li><strong>\u00c9v\u00e9nements Sp\u00e9ciaux et F\u00eates Priv\u00e9es<\/strong>: Qu&rsquo;il s&rsquo;agisse d&rsquo;une garden party intime ou d&rsquo;un festival en plein air, nous avons la solution musicale parfaite.<\/li>\n<\/ul>\n<h3>Ce qui nous distingue des autres DJ:<\/h3>\n<ul>\n<li><strong>S\u00e9lection Musicale Personnalis\u00e9e<\/strong>: Nous adaptons notre r\u00e9pertoire \u00e0 vos go\u00fbts et pr\u00e9f\u00e9rences, garantissant une ambiance sur mesure.<\/li>\n<li><strong>\u00c9quipement de Pointe<\/strong>: Sonorisation et \u00e9clairage de haute qualit\u00e9 pour une exp\u00e9rience auditive et visuelle impeccable.<\/li>\n<li><strong>Animation Dynamique<\/strong>: Nos DJ savent comment lire la foule et maintenir une \u00e9nergie positive tout au long de l&rsquo;\u00e9v\u00e9nement.<\/li>\n<\/ul>\n<p>[\/et_pb_text][et_pb_text _builder_version=\u00a0\u00bb4.27.4&Prime; _module_preset=\u00a0\u00bbdefault\u00a0\u00bb global_colors_info=\u00a0\u00bb{}\u00a0\u00bb]<\/p>\n<h3 style=\"text-align: center;\">\ud83d\udcde T\u00e9l\u00e9phone : <a href=\"tel:5145197650\">514-516-7650<\/a> \u00a0<\/h3>\n<h3 style=\"text-align: center;\">Courriel : <a href=\"mailto:production_solo@hotmail.com\" target=\"_top\"><span id=\"et-info-email\">production_solo@hotmail.com<\/span><\/a><\/h3>\n<p style=\"text-align: center;\">[\/et_pb_text][et_pb_cta title=\u00a0\u00bbR\u00e9servez votre DJ d\u00e8s maintenant!\u00a0\u00bb button_url=\u00a0\u00bbtel:5145167650&Prime; button_text=\u00a0\u00bbAppelez-nous !\u00a0\u00bb _builder_version=\u00a0\u00bb4.27.4&Prime; _module_preset=\u00a0\u00bbdefault\u00a0\u00bb global_colors_info=\u00a0\u00bb{}\u00a0\u00bb]<\/p>\n<p>Ne manquez pas l&rsquo;opportunit\u00e9 de faire de votre \u00e9v\u00e9nement \u00e0 Valleyfield un moment d&rsquo;exception. Avec nos DJ, chaque moment devient magique.<\/p>\n<p>[\/et_pb_cta][\/et_pb_column][\/et_pb_row][et_pb_row _builder_version=\u00a0\u00bb4.27.4&Prime; _module_preset=\u00a0\u00bbdefault\u00a0\u00bb][et_pb_column _builder_version=\u00a0\u00bb4.27.4&Prime; _module_preset=\u00a0\u00bbdefault\u00a0\u00bb type=\u00a0\u00bb4_4&Prime;][et_pb_text _builder_version=\u00a0\u00bb4.27.4&Prime; _module_preset=\u00a0\u00bbdefault\u00a0\u00bb hover_enabled=\u00a0\u00bb0&Prime; sticky_enabled=\u00a0\u00bb0&Prime;]<\/p>\n<h3 style=\"text-align: center;\">Valleyfield et les environs&#8230;<\/h3>\n<p>[\/et_pb_text][\/et_pb_column][\/et_pb_row][et_pb_row column_structure=\u00a0\u00bb1_5,1_5,1_5,1_5,1_5&Prime; _builder_version=\u00a0\u00bb4.27.4&Prime; _module_preset=\u00a0\u00bbdefault\u00a0\u00bb global_colors_info=\u00a0\u00bb{}\u00a0\u00bb][et_pb_column type=\u00a0\u00bb1_5&Prime; _builder_version=\u00a0\u00bb4.27.4&Prime; _module_preset=\u00a0\u00bbdefault\u00a0\u00bb global_colors_info=\u00a0\u00bb{}\u00a0\u00bb][et_pb_image src=\u00a0\u00bbhttps:\/\/productionsolo.com\/services\/wp-content\/uploads\/2025\/01\/Service-DJ-Valleyfield-evenement-country.jpg\u00a0\u00bb alt=\u00a0\u00bbService-DJ-Valleyfield-evenement-country\u00a0\u00bb title_text=\u00a0\u00bbService-DJ-Valleyfield-evenement-country\u00a0\u00bb _builder_version=\u00a0\u00bb4.27.4&Prime; _module_preset=\u00a0\u00bbdefault\u00a0\u00bb global_colors_info=\u00a0\u00bb{}\u00a0\u00bb][\/et_pb_image][\/et_pb_column][et_pb_column type=\u00a0\u00bb1_5&Prime; _builder_version=\u00a0\u00bb4.27.4&Prime; _module_preset=\u00a0\u00bbdefault\u00a0\u00bb global_colors_info=\u00a0\u00bb{}\u00a0\u00bb][et_pb_image src=\u00a0\u00bbhttps:\/\/productionsolo.com\/services\/wp-content\/uploads\/2025\/01\/Services-professionnels-de-DJ-St-Zotique-Valleyfield-Vaudreuil.jpg\u00a0\u00bb alt=\u00a0\u00bbServices-professionnels-de-DJ-St-Zotique-Valleyfield-Vaudreuil\u00a0\u00bb title_text=\u00a0\u00bbServices-professionnels-de-DJ-St-Zotique-Valleyfield-Vaudreuil\u00a0\u00bb _builder_version=\u00a0\u00bb4.27.4&Prime; _module_preset=\u00a0\u00bbdefault\u00a0\u00bb global_colors_info=\u00a0\u00bb{}\u00a0\u00bb][\/et_pb_image][et_pb_image src=\u00a0\u00bbhttps:\/\/productionsolo.com\/services\/wp-content\/uploads\/2025\/01\/DJ-evenements-exterieur-et-interieur-Salaberry-De-Valleyfield.jpg\u00a0\u00bb alt=\u00a0\u00bbDJ-Professionnel-Sallaberry-de-Valleyfield\u00a0\u00bb title_text=\u00a0\u00bbDJ-evenements-exterieur-et-interieur-Salaberry-De-Valleyfield\u00a0\u00bb _builder_version=\u00a0\u00bb4.27.4&Prime; _module_preset=\u00a0\u00bbdefault\u00a0\u00bb global_colors_info=\u00a0\u00bb{}\u00a0\u00bb][\/et_pb_image][\/et_pb_column][et_pb_column type=\u00a0\u00bb1_5&Prime; _builder_version=\u00a0\u00bb4.27.4&Prime; _module_preset=\u00a0\u00bbdefault\u00a0\u00bb global_colors_info=\u00a0\u00bb{}\u00a0\u00bb][et_pb_image src=\u00a0\u00bbhttps:\/\/productionsolo.com\/services\/wp-content\/uploads\/2025\/01\/Service-DJ-mobile-Valleyfield.jpg\u00a0\u00bb alt=\u00a0\u00bbService-DJ-mobile-Valleyfield\u00a0\u00bb title_text=\u00a0\u00bbService-DJ-mobile-Valleyfield\u00a0\u00bb _builder_version=\u00a0\u00bb4.27.4&Prime; _module_preset=\u00a0\u00bbdefault\u00a0\u00bb global_colors_info=\u00a0\u00bb{}\u00a0\u00bb][\/et_pb_image][\/et_pb_column][et_pb_column type=\u00a0\u00bb1_5&Prime; _builder_version=\u00a0\u00bb4.27.4&Prime; _module_preset=\u00a0\u00bbdefault\u00a0\u00bb global_colors_info=\u00a0\u00bb{}\u00a0\u00bb][et_pb_image src=\u00a0\u00bbhttps:\/\/productionsolo.com\/services\/wp-content\/uploads\/2025\/01\/DJ-SOLO-Service-DJ-musique-animation-cours.jpg\u00a0\u00bb alt=\u00a0\u00bbDJ-SOLO-Service-DJ-musique-animation-cours\u00a0\u00bb title_text=\u00a0\u00bbDJ-SOLO&#8212;Service-DJ-musique-animation-cours\u00a0\u00bb _builder_version=\u00a0\u00bb4.27.4&Prime; _module_preset=\u00a0\u00bbdefault\u00a0\u00bb global_colors_info=\u00a0\u00bb{}\u00a0\u00bb][\/et_pb_image][\/et_pb_column][et_pb_column type=\u00a0\u00bb1_5&Prime; _builder_version=\u00a0\u00bb4.27.4&Prime; _module_preset=\u00a0\u00bbdefault\u00a0\u00bb global_colors_info=\u00a0\u00bb{}\u00a0\u00bb][et_pb_image src=\u00a0\u00bbhttps:\/\/productionsolo.com\/services\/wp-content\/uploads\/2025\/01\/evenements-exterieurs-service-DJ-Valleyfield-Ile-Perrot.jpg\u00a0\u00bb alt=\u00a0\u00bbevenements-exterieurs-service-DJ-Valleyfield-Ile-Perrot\u00a0\u00bb title_text=\u00a0\u00bbevenements-exterieurs-service-DJ-Valleyfield-Ile-Perrot\u00a0\u00bb _builder_version=\u00a0\u00bb4.27.4&Prime; _module_preset=\u00a0\u00bbdefault\u00a0\u00bb global_colors_info=\u00a0\u00bb{}\u00a0\u00bb][\/et_pb_image][et_pb_image src=\u00a0\u00bbhttps:\/\/productionsolo.com\/services\/wp-content\/uploads\/2025\/01\/DJ-Professionnel-Sallaberry-de-Valleyfield.jpg\u00a0\u00bb alt=\u00a0\u00bbDJ-Professionnel-Sallaberry-de-Valleyfield\u00a0\u00bb title_text=\u00a0\u00bbDJ-Professionnel-Sallaberry-de-Valleyfield\u00a0\u00bb _builder_version=\u00a0\u00bb4.27.4&Prime; _module_preset=\u00a0\u00bbdefault\u00a0\u00bb global_colors_info=\u00a0\u00bb{}\u00a0\u00bb][\/et_pb_image][\/et_pb_column][\/et_pb_row][et_pb_row column_structure=\u00a0\u00bb1_5,1_5,1_5,1_5,1_5&Prime; _builder_version=\u00a0\u00bb4.27.4&Prime; _module_preset=\u00a0\u00bbdefault\u00a0\u00bb global_colors_info=\u00a0\u00bb{}\u00a0\u00bb][et_pb_column type=\u00a0\u00bb1_5&Prime; _builder_version=\u00a0\u00bb4.27.4&Prime; _module_preset=\u00a0\u00bbdefault\u00a0\u00bb global_colors_info=\u00a0\u00bb{}\u00a0\u00bb][\/et_pb_column][et_pb_column type=\u00a0\u00bb1_5&Prime; _builder_version=\u00a0\u00bb4.27.4&Prime; _module_preset=\u00a0\u00bbdefault\u00a0\u00bb global_colors_info=\u00a0\u00bb{}\u00a0\u00bb][et_pb_image src=\u00a0\u00bbhttps:\/\/productionsolo.com\/services\/wp-content\/uploads\/2025\/01\/DJ-Salaberry-De-Valleyfield-animation-evenement-location-salle.jpg\u00a0\u00bb alt=\u00a0\u00bbDJ-Salaberry-De-Valleyfield-animation-evenement-location-salle\u00a0\u00bb title_text=\u00a0\u00bbDJ-Salaberry-De-Valleyfield-animation-evenement-location-salle\u00a0\u00bb _builder_version=\u00a0\u00bb4.27.4&Prime; _module_preset=\u00a0\u00bbdefault\u00a0\u00bb global_colors_info=\u00a0\u00bb{}\u00a0\u00bb][\/et_pb_image][et_pb_image src=\u00a0\u00bbhttps:\/\/productionsolo.com\/services\/wp-content\/uploads\/2025\/01\/Disc-Jockey-Professionnel-DJ-Valleyfield.jpg\u00a0\u00bb alt=\u00a0\u00bbDisc-Jockey-Professionnel-DJ-Valleyfield\u00a0\u00bb title_text=\u00a0\u00bbDisc-Jockey-Professionnel-DJ-Valleyfield\u00a0\u00bb _builder_version=\u00a0\u00bb4.27.4&Prime; _module_preset=\u00a0\u00bbdefault\u00a0\u00bb global_colors_info=\u00a0\u00bb{}\u00a0\u00bb][\/et_pb_image][\/et_pb_column][et_pb_column type=\u00a0\u00bb1_5&Prime; _builder_version=\u00a0\u00bb4.27.4&Prime; _module_preset=\u00a0\u00bbdefault\u00a0\u00bb global_colors_info=\u00a0\u00bb{}\u00a0\u00bb][et_pb_image src=\u00a0\u00bbhttps:\/\/productionsolo.com\/services\/wp-content\/uploads\/2025\/01\/service-animation-musique-evenement-DJ-ile-perrot.jpg\u00a0\u00bb alt=\u00a0\u00bbDJ-Salaberry-De-Valleyfield-animation-evenement-location-salle\u00a0\u00bb title_text=\u00a0\u00bbservice-animation-musique-evenement-DJ-ile-perrot\u00a0\u00bb _builder_version=\u00a0\u00bb4.27.4&Prime; _module_preset=\u00a0\u00bbdefault\u00a0\u00bb global_colors_info=\u00a0\u00bb{}\u00a0\u00bb][\/et_pb_image][\/et_pb_column][et_pb_column type=\u00a0\u00bb1_5&Prime; _builder_version=\u00a0\u00bb4.27.4&Prime; _module_preset=\u00a0\u00bbdefault\u00a0\u00bb global_colors_info=\u00a0\u00bb{}\u00a0\u00bb][\/et_pb_column][et_pb_column type=\u00a0\u00bb1_5&Prime; _builder_version=\u00a0\u00bb4.27.4&Prime; _module_preset=\u00a0\u00bbdefault\u00a0\u00bb global_colors_info=\u00a0\u00bb{}\u00a0\u00bb][\/et_pb_column][\/et_pb_row][et_pb_row column_structure=\u00a0\u00bb1_2,1_2&Prime; _builder_version=\u00a0\u00bb4.27.4&Prime; _module_preset=\u00a0\u00bbdefault\u00a0\u00bb global_colors_info=\u00a0\u00bb{}\u00a0\u00bb][et_pb_column type=\u00a0\u00bb1_2&Prime; _builder_version=\u00a0\u00bb4.27.4&Prime; _module_preset=\u00a0\u00bbdefault\u00a0\u00bb global_colors_info=\u00a0\u00bb{}\u00a0\u00bb][et_pb_text _builder_version=\u00a0\u00bb4.27.4&Prime; _module_preset=\u00a0\u00bbdefault\u00a0\u00bb global_colors_info=\u00a0\u00bb{}\u00a0\u00bb]<\/p>\n<p>Int\u00e9rieur et ext\u00e9rieur<\/p>\n<p>[\/et_pb_text][\/et_pb_column][et_pb_column type=\u00a0\u00bb1_2&Prime; _builder_version=\u00a0\u00bb4.27.4&Prime; _module_preset=\u00a0\u00bbdefault\u00a0\u00bb global_colors_info=\u00a0\u00bb{}\u00a0\u00bb][\/et_pb_column][\/et_pb_row][et_pb_row column_structure=\u00a0\u00bb1_2,1_2&Prime; _builder_version=\u00a0\u00bb4.27.4&Prime; _module_preset=\u00a0\u00bbdefault\u00a0\u00bb global_colors_info=\u00a0\u00bb{}\u00a0\u00bb][et_pb_column type=\u00a0\u00bb1_2&Prime; _builder_version=\u00a0\u00bb4.27.4&Prime; _module_preset=\u00a0\u00bbdefault\u00a0\u00bb global_colors_info=\u00a0\u00bb{}\u00a0\u00bb][et_pb_video src=\u00a0\u00bbhttps:\/\/youtu.be\/5Ho1u7uvTuA?si=p8eNMc_QEOn8SRsn\u00a0\u00bb _builder_version=\u00a0\u00bb4.27.4&Prime; _module_preset=\u00a0\u00bbdefault\u00a0\u00bb global_colors_info=\u00a0\u00bb{}\u00a0\u00bb][\/et_pb_video][\/et_pb_column][et_pb_column type=\u00a0\u00bb1_2&Prime; _builder_version=\u00a0\u00bb4.27.4&Prime; _module_preset=\u00a0\u00bbdefault\u00a0\u00bb global_colors_info=\u00a0\u00bb{}\u00a0\u00bb][\/et_pb_column][\/et_pb_row][et_pb_row _builder_version=\u00a0\u00bb4.27.4&Prime; _module_preset=\u00a0\u00bbdefault\u00a0\u00bb global_colors_info=\u00a0\u00bb{}\u00a0\u00bb][et_pb_column type=\u00a0\u00bb4_4&Prime; _builder_version=\u00a0\u00bb4.27.4&Prime; _module_preset=\u00a0\u00bbdefault\u00a0\u00bb global_colors_info=\u00a0\u00bb{}\u00a0\u00bb][et_pb_button button_url=\u00a0\u00bbhttps:\/\/www.facebook.com\/Production-Solo-423755667691114\/\u00a0\u00bb url_new_window=\u00a0\u00bbon\u00a0\u00bb button_text=\u00a0\u00bbVisitez-nous sur Facebook\u00a0\u00bb _builder_version=\u00a0\u00bb4.27.4&Prime; _module_preset=\u00a0\u00bbdefault\u00a0\u00bb global_colors_info=\u00a0\u00bb{}\u00a0\u00bb][\/et_pb_button][\/et_pb_column][\/et_pb_row][et_pb_row _builder_version=\u00a0\u00bb4.27.4&Prime; _module_preset=\u00a0\u00bbdefault\u00a0\u00bb global_colors_info=\u00a0\u00bb{}\u00a0\u00bb][et_pb_column type=\u00a0\u00bb4_4&Prime; _builder_version=\u00a0\u00bb4.27.4&Prime; _module_preset=\u00a0\u00bbdefault\u00a0\u00bb global_colors_info=\u00a0\u00bb{}\u00a0\u00bb][et_pb_icon url=\u00a0\u00bb#top\u00a0\u00bb _builder_version=\u00a0\u00bb4.27.4&Prime; _module_preset=\u00a0\u00bbdefault\u00a0\u00bb global_colors_info=\u00a0\u00bb{}\u00a0\u00bb][\/et_pb_icon][\/et_pb_column][\/et_pb_row][\/et_pb_section]<\/p>\n","protected":false},"excerpt":{"rendered":"<p>Faites Vibrer Valleyfield avec Nos Services de DJ Exceptionnels! Vous cherchez \u00e0 organiser un \u00e9v\u00e9nement m\u00e9morable \u00e0 Valleyfield? Ne cherchez pas plus loin! Nos services de DJ sont l\u00e0 pour transformer chaque occasion en une exp\u00e9rience inoubliable. Pourquoi Valleyfield? Nich\u00e9 au bord du magnifique fleuve Saint-Laurent, Valleyfield est une ville pittoresque reconnue pour ses paysages [&hellip;]<\/p>\n","protected":false},"author":1,"featured_media":0,"parent":0,"menu_order":0,"comment_status":"closed","ping_status":"closed","template":"","meta":{"_et_pb_use_builder":"on","_et_pb_old_content":"","_et_gb_content_width":"","footnotes":""},"class_list":["post-829","page","type-page","status-publish","hentry"],"yoast_head":"<!-- This site is optimized with the Yoast SEO plugin v24.3 - https:\/\/yoast.com\/wordpress\/plugins\/seo\/ -->\n<title>DJ \u00e0 Valleyfield et les environs - Services professionnels - Production Solo<\/title>\n<meta name=\"description\" content=\"Faites Vibrer Valleyfield avec Nos Services de DJ Exceptionnels! Vous cherchez \u00e0 organiser un \u00e9v\u00e9nement m\u00e9morable \u00e0 Valleyfield? Ne cherchez pas plus loin!\" \/>\n<meta name=\"robots\" content=\"index, follow, max-snippet:-1, max-image-preview:large, max-video-preview:-1\" \/>\n<link rel=\"canonical\" href=\"https:\/\/productionsolo.com\/services\/services-dj-valleyfield\/\" \/>\n<meta property=\"og:locale\" content=\"fr_CA\" \/>\n<meta property=\"og:type\" content=\"article\" \/>\n<meta property=\"og:title\" content=\"DJ \u00e0 Valleyfield et les environs - Services professionnels - Production Solo\" \/>\n<meta property=\"og:description\" content=\"Faites Vibrer Valleyfield avec Nos Services de DJ Exceptionnels! Vous cherchez \u00e0 organiser un \u00e9v\u00e9nement m\u00e9morable \u00e0 Valleyfield? Ne cherchez pas plus loin!\" \/>\n<meta property=\"og:url\" content=\"https:\/\/productionsolo.com\/services\/services-dj-valleyfield\/\" \/>\n<meta property=\"og:site_name\" content=\"Production Solo\" \/>\n<meta property=\"article:modified_time\" content=\"2025-01-25T03:16:49+00:00\" \/>\n<meta name=\"twitter:card\" content=\"summary_large_image\" \/>\n<meta name=\"twitter:label1\" content=\"Estimation du temps de lecture\" \/>\n\t<meta name=\"twitter:data1\" content=\"5 minutes\" \/>\n<script type=\"application\/ld+json\" class=\"yoast-schema-graph\">{\"@context\":\"https:\/\/schema.org\",\"@graph\":[{\"@type\":\"WebPage\",\"@id\":\"https:\/\/productionsolo.com\/services\/services-dj-valleyfield\/\",\"url\":\"https:\/\/productionsolo.com\/services\/services-dj-valleyfield\/\",\"name\":\"DJ \u00e0 Valleyfield et les environs - Services professionnels - Production Solo\",\"isPartOf\":{\"@id\":\"https:\/\/productionsolo.com\/services\/#website\"},\"datePublished\":\"2025-01-07T17:09:00+00:00\",\"dateModified\":\"2025-01-25T03:16:49+00:00\",\"description\":\"Faites Vibrer Valleyfield avec Nos Services de DJ Exceptionnels! Vous cherchez \u00e0 organiser un \u00e9v\u00e9nement m\u00e9morable \u00e0 Valleyfield? Ne cherchez pas plus loin!\",\"breadcrumb\":{\"@id\":\"https:\/\/productionsolo.com\/services\/services-dj-valleyfield\/#breadcrumb\"},\"inLanguage\":\"fr-CA\",\"potentialAction\":[{\"@type\":\"ReadAction\",\"target\":[\"https:\/\/productionsolo.com\/services\/services-dj-valleyfield\/\"]}]},{\"@type\":\"BreadcrumbList\",\"@id\":\"https:\/\/productionsolo.com\/services\/services-dj-valleyfield\/#breadcrumb\",\"itemListElement\":[{\"@type\":\"ListItem\",\"position\":1,\"name\":\"Home\",\"item\":\"https:\/\/productionsolo.com\/services\/\"},{\"@type\":\"ListItem\",\"position\":2,\"name\":\"DJ \u00e0 Valleyfield et les environs &#8211; Services professionnels\"}]},{\"@type\":\"WebSite\",\"@id\":\"https:\/\/productionsolo.com\/services\/#website\",\"url\":\"https:\/\/productionsolo.com\/services\/\",\"name\":\"Production Solo\",\"description\":\"Sp\u00e9cialiste audio et vid\u00e9o\",\"potentialAction\":[{\"@type\":\"SearchAction\",\"target\":{\"@type\":\"EntryPoint\",\"urlTemplate\":\"https:\/\/productionsolo.com\/services\/?s={search_term_string}\"},\"query-input\":{\"@type\":\"PropertyValueSpecification\",\"valueRequired\":true,\"valueName\":\"search_term_string\"}}],\"inLanguage\":\"fr-CA\"}]}<\/script>\n<!-- \/ Yoast SEO plugin. -->","yoast_head_json":{"title":"DJ \u00e0 Valleyfield et les environs - Services professionnels - Production Solo","description":"Faites Vibrer Valleyfield avec Nos Services de DJ Exceptionnels! Vous cherchez \u00e0 organiser un \u00e9v\u00e9nement m\u00e9morable \u00e0 Valleyfield? Ne cherchez pas plus loin!","robots":{"index":"index","follow":"follow","max-snippet":"max-snippet:-1","max-image-preview":"max-image-preview:large","max-video-preview":"max-video-preview:-1"},"canonical":"https:\/\/productionsolo.com\/services\/services-dj-valleyfield\/","og_locale":"fr_CA","og_type":"article","og_title":"DJ \u00e0 Valleyfield et les environs - Services professionnels - Production Solo","og_description":"Faites Vibrer Valleyfield avec Nos Services de DJ Exceptionnels! Vous cherchez \u00e0 organiser un \u00e9v\u00e9nement m\u00e9morable \u00e0 Valleyfield? Ne cherchez pas plus loin!","og_url":"https:\/\/productionsolo.com\/services\/services-dj-valleyfield\/","og_site_name":"Production Solo","article_modified_time":"2025-01-25T03:16:49+00:00","twitter_card":"summary_large_image","twitter_misc":{"Estimation du temps de lecture":"5 minutes"},"schema":{"@context":"https:\/\/schema.org","@graph":[{"@type":"WebPage","@id":"https:\/\/productionsolo.com\/services\/services-dj-valleyfield\/","url":"https:\/\/productionsolo.com\/services\/services-dj-valleyfield\/","name":"DJ \u00e0 Valleyfield et les environs - Services professionnels - Production Solo","isPartOf":{"@id":"https:\/\/productionsolo.com\/services\/#website"},"datePublished":"2025-01-07T17:09:00+00:00","dateModified":"2025-01-25T03:16:49+00:00","description":"Faites Vibrer Valleyfield avec Nos Services de DJ Exceptionnels! Vous cherchez \u00e0 organiser un \u00e9v\u00e9nement m\u00e9morable \u00e0 Valleyfield? Ne cherchez pas plus loin!","breadcrumb":{"@id":"https:\/\/productionsolo.com\/services\/services-dj-valleyfield\/#breadcrumb"},"inLanguage":"fr-CA","potentialAction":[{"@type":"ReadAction","target":["https:\/\/productionsolo.com\/services\/services-dj-valleyfield\/"]}]},{"@type":"BreadcrumbList","@id":"https:\/\/productionsolo.com\/services\/services-dj-valleyfield\/#breadcrumb","itemListElement":[{"@type":"ListItem","position":1,"name":"Home","item":"https:\/\/productionsolo.com\/services\/"},{"@type":"ListItem","position":2,"name":"DJ \u00e0 Valleyfield et les environs &#8211; Services professionnels"}]},{"@type":"WebSite","@id":"https:\/\/productionsolo.com\/services\/#website","url":"https:\/\/productionsolo.com\/services\/","name":"Production Solo","description":"Sp\u00e9cialiste audio et vid\u00e9o","potentialAction":[{"@type":"SearchAction","target":{"@type":"EntryPoint","urlTemplate":"https:\/\/productionsolo.com\/services\/?s={search_term_string}"},"query-input":{"@type":"PropertyValueSpecification","valueRequired":true,"valueName":"search_term_string"}}],"inLanguage":"fr-CA"}]}},"_links":{"self":[{"href":"https:\/\/productionsolo.com\/services\/wp-json\/wp\/v2\/pages\/829","targetHints":{"allow":["GET"]}}],"collection":[{"href":"https:\/\/productionsolo.com\/services\/wp-json\/wp\/v2\/pages"}],"about":[{"href":"https:\/\/productionsolo.com\/services\/wp-json\/wp\/v2\/types\/page"}],"author":[{"embeddable":true,"href":"https:\/\/productionsolo.com\/services\/wp-json\/wp\/v2\/users\/1"}],"replies":[{"embeddable":true,"href":"https:\/\/productionsolo.com\/services\/wp-json\/wp\/v2\/comments?post=829"}],"version-history":[{"count":26,"href":"https:\/\/productionsolo.com\/services\/wp-json\/wp\/v2\/pages\/829\/revisions"}],"predecessor-version":[{"id":878,"href":"https:\/\/productionsolo.com\/services\/wp-json\/wp\/v2\/pages\/829\/revisions\/878"}],"wp:attachment":[{"href":"https:\/\/productionsolo.com\/services\/wp-json\/wp\/v2\/media?parent=829"}],"curies":[{"name":"wp","href":"https:\/\/api.w.org\/{rel}","templated":true}]}}