{"id":451,"date":"2014-10-20T01:42:35","date_gmt":"2014-10-20T01:42:35","guid":{"rendered":"http:\/\/productionsolo.com\/services\/?page_id=451"},"modified":"2017-08-29T22:34:21","modified_gmt":"2017-08-29T22:34:21","slug":"evenements-2","status":"publish","type":"page","link":"https:\/\/productionsolo.com\/services\/evenements-2\/","title":{"rendered":"\u00c9v\u00e8nements"},"content":{"rendered":"<p>[et_pb_section bb_built=\u00a0\u00bb1&Prime; fullwidth=\u00a0\u00bbon\u00a0\u00bb _builder_version=\u00a0\u00bb3.0.65&Prime;][et_pb_fullwidth_header title=\u00a0\u00bb\u00c9v\u00e8nements\u00a0\u00bb subhead=\u00a0\u00bbInt\u00e9gration audio-vid\u00e9o\u00a0\u00bb header_image_url=\u00a0\u00bbhttps:\/\/productionsolo.com\/services\/wp-content\/uploads\/2013\/10\/evenements.jpg\u00a0\u00bb _builder_version=\u00a0\u00bb3.0.65&Prime; \/][\/et_pb_section][et_pb_section bb_built=\u00a0\u00bb1&Prime; _builder_version=\u00a0\u00bb3.0.47&Prime;][et_pb_row background_position_1=\u00a0\u00bbtop_left\u00a0\u00bb background_position_2=\u00a0\u00bbtop_left\u00a0\u00bb background_repeat_1=\u00a0\u00bbno-repeat\u00a0\u00bb background_repeat_2=\u00a0\u00bbno-repeat\u00a0\u00bb _builder_version=\u00a0\u00bb3.0.65&Prime; background_size=\u00a0\u00bbinitial\u00a0\u00bb background_position=\u00a0\u00bbtop_left\u00a0\u00bb background_repeat=\u00a0\u00bbrepeat\u00a0\u00bb][et_pb_column type=\u00a0\u00bb1_3&Prime;][et_pb_text _builder_version=\u00a0\u00bb3.0.65&Prime;]<\/p>\n<h4><strong>Soir\u00e9e dansante<\/strong><\/h4>\n<p>[\/et_pb_text][\/et_pb_column][et_pb_column type=\u00a0\u00bb2_3&Prime;][et_pb_text _builder_version=\u00a0\u00bb3.0.65&Prime;]<\/p>\n<p>Danse scolaire, danse sociale, danse club \u00e2ge d&rsquo;or<\/p>\n<p>&nbsp;<\/p>\n<ul>\n<li>musique live avec disque jockey<\/li>\n<li>demandes sp\u00e9ciales<\/li>\n<li>jeux selon les styles de danse<\/li>\n<li>\u00e9clairage personnalis\u00e9 pour danser<\/li>\n<li>installation du syst\u00e8me de son<\/li>\n<\/ul>\n<p>[\/et_pb_text][\/et_pb_column][\/et_pb_row][\/et_pb_section][et_pb_section bb_built=\u00a0\u00bb1&Prime; background_color=\u00a0\u00bbrgba(0,0,0,0.04)\u00a0\u00bb _builder_version=\u00a0\u00bb3.0.65&Prime;][et_pb_row _builder_version=\u00a0\u00bb3.0.47&Prime; background_size=\u00a0\u00bbinitial\u00a0\u00bb background_position=\u00a0\u00bbtop_left\u00a0\u00bb background_repeat=\u00a0\u00bbrepeat\u00a0\u00bb][et_pb_column type=\u00a0\u00bb1_3&Prime;][et_pb_text _builder_version=\u00a0\u00bb3.0.65&Prime;]<\/p>\n<h4><strong>Mariage<\/strong><\/h4>\n<p>[\/et_pb_text][\/et_pb_column][et_pb_column type=\u00a0\u00bb2_3&Prime;][et_pb_text _builder_version=\u00a0\u00bb3.0.65&Prime;]<\/p>\n<p>Mariage et anniversaire de mariage<\/p>\n<ul>\n<li>musique lors de la c\u00e9r\u00e9monie (int\u00e9rieur ou ext\u00e9rieur)<\/li>\n<li>musique live avec disque jockey en soir\u00e9e<\/li>\n<li>animation<\/li>\n<li>pr\u00e9sentation des mari\u00e9s et de la table d&rsquo;honneur<\/li>\n<li>jeux pour les nouveaux mari\u00e9s et les invit\u00e9s<\/li>\n<li>danses traditionnelles (nouveaux mari\u00e9s, p\u00e8re-fille, m\u00e8re-fils, table d&rsquo;honneur)<\/li>\n<li>lancer de la jarreti\u00e8re et du bouquet<\/li>\n<li>\u00e9clairage personnalis\u00e9 pour salle de r\u00e9ception<\/li>\n<li>service de diaporama disponible<\/li>\n<li>syst\u00e8me de son personnalis\u00e9 selon l&rsquo;\u00e9v\u00e9nement<\/li>\n<\/ul>\n<p>[\/et_pb_text][\/et_pb_column][\/et_pb_row][\/et_pb_section][et_pb_section bb_built=\u00a0\u00bb1&Prime; _builder_version=\u00a0\u00bb3.0.47&Prime;][et_pb_row _builder_version=\u00a0\u00bb3.0.47&Prime; background_size=\u00a0\u00bbinitial\u00a0\u00bb background_position=\u00a0\u00bbtop_left\u00a0\u00bb background_repeat=\u00a0\u00bbrepeat\u00a0\u00bb][et_pb_column type=\u00a0\u00bb1_3&Prime;][et_pb_text _builder_version=\u00a0\u00bb3.0.65&Prime;]<\/p>\n<h4><strong>Anniversaires<\/strong><\/h4>\n<p>[\/et_pb_text][\/et_pb_column][et_pb_column type=\u00a0\u00bb2_3&Prime;][et_pb_text _builder_version=\u00a0\u00bb3.0.65&Prime;]<\/p>\n<p>Anniversaire de naissance, bal des finissants, f\u00eate d&rsquo;amis<\/p>\n<ul>\n<li>musique live avec disque jockey<\/li>\n<li>animation<\/li>\n<li>jeux<\/li>\n<li>\u00e9clairage d&rsquo;ambiance\u00a0pour une soir\u00e9e dansante<\/li>\n<li>syst\u00e8me de son personnalis\u00e9 selon l&rsquo;\u00e9v\u00e9nement<\/li>\n<li>service de diaporama disponible<\/li>\n<\/ul>\n<p>[\/et_pb_text][\/et_pb_column][\/et_pb_row][\/et_pb_section][et_pb_section bb_built=\u00a0\u00bb1&Prime; background_color=\u00a0\u00bbrgba(0,0,0,0.04)\u00a0\u00bb _builder_version=\u00a0\u00bb3.0.65&Prime;][et_pb_row _builder_version=\u00a0\u00bb3.0.47&Prime; background_size=\u00a0\u00bbinitial\u00a0\u00bb background_position=\u00a0\u00bbtop_left\u00a0\u00bb background_repeat=\u00a0\u00bbrepeat\u00a0\u00bb][et_pb_column type=\u00a0\u00bb1_3&Prime;][et_pb_text _builder_version=\u00a0\u00bb3.0.65&Prime;]<\/p>\n<h4><strong>Gala<\/strong><\/h4>\n<p>[\/et_pb_text][\/et_pb_column][et_pb_column type=\u00a0\u00bb2_3&Prime;][et_pb_text _builder_version=\u00a0\u00bb3.0.65&Prime;]<\/p>\n<p>Soir\u00e9e de remise de prix, soir\u00e9e des finissants, soir\u00e9e de reconnaissance, banquet sportif<\/p>\n<ul>\n<li>animation et pr\u00e9sentation des invit\u00e9s<\/li>\n<li>musique d&rsquo;ambiance<\/li>\n<li>\u00e9clairage d&rsquo;ambiance<\/li>\n<li>sonorisation sp\u00e9cifique pour les voix<\/li>\n<\/ul>\n<p>[\/et_pb_text][\/et_pb_column][\/et_pb_row][\/et_pb_section][et_pb_section bb_built=\u00a0\u00bb1&Prime; _builder_version=\u00a0\u00bb3.0.47&Prime;][et_pb_row _builder_version=\u00a0\u00bb3.0.47&Prime; background_size=\u00a0\u00bbinitial\u00a0\u00bb background_position=\u00a0\u00bbtop_left\u00a0\u00bb background_repeat=\u00a0\u00bbrepeat\u00a0\u00bb][et_pb_column type=\u00a0\u00bb1_3&Prime;][et_pb_text _builder_version=\u00a0\u00bb3.0.65&Prime;]<\/p>\n<h4><strong>\u00c9v\u00e9nement corporatif<\/strong><\/h4>\n<p>[\/et_pb_text][et_pb_image src=\u00a0\u00bbhttps:\/\/productionsolo.com\/services\/wp-content\/uploads\/2014\/10\/2014-08-27-noel.jpg\u00a0\u00bb _builder_version=\u00a0\u00bb3.0.65&Prime; \/][\/et_pb_column][et_pb_column type=\u00a0\u00bb2_3&Prime;][et_pb_text _builder_version=\u00a0\u00bb3.0.65&Prime;]<\/p>\n<p>F\u00eate de bureau, lancement d&rsquo;entreprise, f\u00eate pour les employ\u00e9s, lev\u00e9es de fonds<\/p>\n<ul>\n<li>musique de circonstance, selon le type d&rsquo;\u00e9v\u00e9nement<\/li>\n<li>\u00e9v\u00e9nement int\u00e9rieur ou ext\u00e9rieur<\/li>\n<li>parfait pour le lancement d&rsquo;une entreprise<\/li>\n<li>animation<\/li>\n<li>jeu pour encourager l&rsquo;esprit d&rsquo;\u00e9quipe<\/li>\n<li>\u00e9clairage d&rsquo;ambiance\u00a0pour une soir\u00e9e dansante<\/li>\n<li>syst\u00e8me de son adapt\u00e9 \u00e0 la grandeur de la salle ou de l&rsquo;endroit (ext\u00e9rieur)<\/li>\n<\/ul>\n<p>[\/et_pb_text][\/et_pb_column][\/et_pb_row][\/et_pb_section][et_pb_section bb_built=\u00a0\u00bb1&Prime; background_color=\u00a0\u00bbrgba(0,0,0,0.04)\u00a0\u00bb _builder_version=\u00a0\u00bb3.0.65&Prime;][et_pb_row _builder_version=\u00a0\u00bb3.0.47&Prime; background_size=\u00a0\u00bbinitial\u00a0\u00bb background_position=\u00a0\u00bbtop_left\u00a0\u00bb background_repeat=\u00a0\u00bbrepeat\u00a0\u00bb][et_pb_column type=\u00a0\u00bb1_3&Prime;][et_pb_text _builder_version=\u00a0\u00bb3.0.65&Prime; background_layout=\u00a0\u00bblight\u00a0\u00bb text_orientation=\u00a0\u00bbleft\u00a0\u00bb border_style=\u00a0\u00bbsolid\u00a0\u00bb]<\/p>\n<h4 id=\"location\"><strong>\u00c9quipements disponibles<\/strong> <\/h4>\n<p>[\/et_pb_text][et_pb_image src=\u00a0\u00bbhttps:\/\/productionsolo.com\/services\/wp-content\/uploads\/2014\/10\/objetlocation6.png\u00a0\u00bb animation=\u00a0\u00bboff\u00a0\u00bb align=\u00a0\u00bbcenter\u00a0\u00bb max_width=\u00a0\u00bb100px\u00a0\u00bb _builder_version=\u00a0\u00bb3.0.65&Prime; \/][et_pb_image src=\u00a0\u00bbhttps:\/\/productionsolo.com\/services\/wp-content\/uploads\/2014\/10\/objetlocation5.png\u00a0\u00bb animation=\u00a0\u00bboff\u00a0\u00bb align=\u00a0\u00bbcenter\u00a0\u00bb max_width=\u00a0\u00bb100px\u00a0\u00bb _builder_version=\u00a0\u00bb3.0.65&Prime; \/][et_pb_image src=\u00a0\u00bbhttps:\/\/productionsolo.com\/services\/wp-content\/uploads\/2014\/10\/objetlocation4.png\u00a0\u00bb animation=\u00a0\u00bboff\u00a0\u00bb align=\u00a0\u00bbcenter\u00a0\u00bb max_width=\u00a0\u00bb100px\u00a0\u00bb _builder_version=\u00a0\u00bb3.0.65&Prime; \/][et_pb_image src=\u00a0\u00bbhttps:\/\/productionsolo.com\/services\/wp-content\/uploads\/2014\/10\/objetlocation7.png\u00a0\u00bb animation=\u00a0\u00bboff\u00a0\u00bb align=\u00a0\u00bbcenter\u00a0\u00bb max_width=\u00a0\u00bb100px\u00a0\u00bb _builder_version=\u00a0\u00bb3.0.65&Prime; \/][\/et_pb_column][et_pb_column type=\u00a0\u00bb1_3&Prime;][et_pb_text _builder_version=\u00a0\u00bb3.0.65&Prime;]<\/p>\n<p><strong>Sonorisation<br \/>\n<\/strong><\/p>\n<ul>\n<li>console de son<\/li>\n<li>tables de tournantes<\/li>\n<li>tables de CD<\/li>\n<li>logiciel de musique (Traktor)<\/li>\n<li>mixer<\/li>\n<li>contr\u00f4leur<\/li>\n<li>haut-parleurs<\/li>\n<li>subwoofers<\/li>\n<li>micros<\/li>\n<li>moniteurs<\/li>\n<li>carte de son<\/li>\n<li>tr\u00e9pieds<\/li>\n<\/ul>\n<p><strong>\u00c9clairage<\/strong><\/p>\n<ul>\n<li>console de lumi\u00e8res<\/li>\n<li>lasers<\/li>\n<li>lumi\u00e8re stroboscopique (strobe)<\/li>\n<li>projecteur de poursuite<\/li>\n<li>champignon<\/li>\n<li>octopus<\/li>\n<li>cyborg<\/li>\n<li>spot (spotlight)<\/li>\n<li>lumi\u00e8res d\u00e9coratives<\/li>\n<li>LED<\/li>\n<li>machine \u00e0 boucane<\/li>\n<li>tr\u00e9pieds<\/li>\n<\/ul>\n<p>[\/et_pb_text][\/et_pb_column][et_pb_column type=\u00a0\u00bb1_3&Prime;][et_pb_image src=\u00a0\u00bbhttps:\/\/productionsolo.com\/services\/wp-content\/uploads\/2014\/10\/objetlocation1.png\u00a0\u00bb animation=\u00a0\u00bboff\u00a0\u00bb max_width=\u00a0\u00bb100px\u00a0\u00bb _builder_version=\u00a0\u00bb3.0.65&Prime; \/][et_pb_image src=\u00a0\u00bbhttps:\/\/productionsolo.com\/services\/wp-content\/uploads\/2014\/10\/objetlocation8.png\u00a0\u00bb animation=\u00a0\u00bboff\u00a0\u00bb max_width=\u00a0\u00bb100px\u00a0\u00bb _builder_version=\u00a0\u00bb3.0.65&Prime; \/][et_pb_image src=\u00a0\u00bbhttps:\/\/productionsolo.com\/services\/wp-content\/uploads\/2014\/10\/objetlocation2.png\u00a0\u00bb animation=\u00a0\u00bboff\u00a0\u00bb max_width=\u00a0\u00bb100px\u00a0\u00bb _builder_version=\u00a0\u00bb3.0.65&Prime; \/][et_pb_image src=\u00a0\u00bbhttps:\/\/productionsolo.com\/services\/wp-content\/uploads\/2014\/10\/objetlocation3.png\u00a0\u00bb animation=\u00a0\u00bboff\u00a0\u00bb max_width=\u00a0\u00bb100px\u00a0\u00bb _builder_version=\u00a0\u00bb3.0.65&Prime; \/][\/et_pb_column][\/et_pb_row][\/et_pb_section]<\/p>\n","protected":false},"excerpt":{"rendered":"<p>Soir\u00e9e dansante Danse scolaire, danse sociale, danse club \u00e2ge d&rsquo;or &nbsp; musique live avec disque jockey demandes sp\u00e9ciales jeux selon les styles de danse \u00e9clairage personnalis\u00e9 pour danser installation du syst\u00e8me de son Mariage Mariage et anniversaire de mariage musique lors de la c\u00e9r\u00e9monie (int\u00e9rieur ou ext\u00e9rieur) musique live avec disque jockey en soir\u00e9e animation [&hellip;]<\/p>\n","protected":false},"author":1,"featured_media":0,"parent":0,"menu_order":0,"comment_status":"open","ping_status":"open","template":"","meta":{"_et_pb_use_builder":"on","_et_pb_old_content":"","_et_gb_content_width":"","footnotes":""},"class_list":["post-451","page","type-page","status-publish","hentry"],"yoast_head":"<!-- This site is optimized with the Yoast SEO plugin v24.3 - https:\/\/yoast.com\/wordpress\/plugins\/seo\/ -->\n<title>\u00c9v\u00e8nements - Production Solo<\/title>\n<meta name=\"description\" content=\"Soir\u00e9es dansantes, mariages, anniversaires, galas, \u00e9v\u00e9nements corporatifs, animation, \u00e9clairage d&#039;ambiance, sonorisation, agence \u00e9v\u00e9nementielle dj\" \/>\n<meta name=\"robots\" content=\"index, follow, max-snippet:-1, max-image-preview:large, max-video-preview:-1\" \/>\n<link rel=\"canonical\" href=\"https:\/\/productionsolo.com\/services\/evenements-2\/\" \/>\n<meta property=\"og:locale\" content=\"fr_CA\" \/>\n<meta property=\"og:type\" content=\"article\" \/>\n<meta property=\"og:title\" content=\"\u00c9v\u00e8nements - Production Solo\" \/>\n<meta property=\"og:description\" content=\"Soir\u00e9es dansantes, mariages, anniversaires, galas, \u00e9v\u00e9nements corporatifs, animation, \u00e9clairage d&#039;ambiance, sonorisation, agence \u00e9v\u00e9nementielle dj\" \/>\n<meta property=\"og:url\" content=\"https:\/\/productionsolo.com\/services\/evenements-2\/\" \/>\n<meta property=\"og:site_name\" content=\"Production Solo\" \/>\n<meta property=\"article:modified_time\" content=\"2017-08-29T22:34:21+00:00\" \/>\n<meta name=\"twitter:card\" content=\"summary_large_image\" \/>\n<meta name=\"twitter:label1\" content=\"Estimation du temps de lecture\" \/>\n\t<meta name=\"twitter:data1\" content=\"5 minutes\" \/>\n<script type=\"application\/ld+json\" class=\"yoast-schema-graph\">{\"@context\":\"https:\/\/schema.org\",\"@graph\":[{\"@type\":\"WebPage\",\"@id\":\"https:\/\/productionsolo.com\/services\/evenements-2\/\",\"url\":\"https:\/\/productionsolo.com\/services\/evenements-2\/\",\"name\":\"\u00c9v\u00e8nements - Production Solo\",\"isPartOf\":{\"@id\":\"https:\/\/productionsolo.com\/services\/#website\"},\"datePublished\":\"2014-10-20T01:42:35+00:00\",\"dateModified\":\"2017-08-29T22:34:21+00:00\",\"description\":\"Soir\u00e9es dansantes, mariages, anniversaires, galas, \u00e9v\u00e9nements corporatifs, animation, \u00e9clairage d'ambiance, sonorisation, agence \u00e9v\u00e9nementielle dj\",\"breadcrumb\":{\"@id\":\"https:\/\/productionsolo.com\/services\/evenements-2\/#breadcrumb\"},\"inLanguage\":\"fr-CA\",\"potentialAction\":[{\"@type\":\"ReadAction\",\"target\":[\"https:\/\/productionsolo.com\/services\/evenements-2\/\"]}]},{\"@type\":\"BreadcrumbList\",\"@id\":\"https:\/\/productionsolo.com\/services\/evenements-2\/#breadcrumb\",\"itemListElement\":[{\"@type\":\"ListItem\",\"position\":1,\"name\":\"Home\",\"item\":\"https:\/\/productionsolo.com\/services\/\"},{\"@type\":\"ListItem\",\"position\":2,\"name\":\"\u00c9v\u00e8nements\"}]},{\"@type\":\"WebSite\",\"@id\":\"https:\/\/productionsolo.com\/services\/#website\",\"url\":\"https:\/\/productionsolo.com\/services\/\",\"name\":\"Production Solo\",\"description\":\"Sp\u00e9cialiste audio et vid\u00e9o\",\"potentialAction\":[{\"@type\":\"SearchAction\",\"target\":{\"@type\":\"EntryPoint\",\"urlTemplate\":\"https:\/\/productionsolo.com\/services\/?s={search_term_string}\"},\"query-input\":{\"@type\":\"PropertyValueSpecification\",\"valueRequired\":true,\"valueName\":\"search_term_string\"}}],\"inLanguage\":\"fr-CA\"}]}<\/script>\n<!-- \/ Yoast SEO plugin. -->","yoast_head_json":{"title":"\u00c9v\u00e8nements - Production Solo","description":"Soir\u00e9es dansantes, mariages, anniversaires, galas, \u00e9v\u00e9nements corporatifs, animation, \u00e9clairage d'ambiance, sonorisation, agence \u00e9v\u00e9nementielle dj","robots":{"index":"index","follow":"follow","max-snippet":"max-snippet:-1","max-image-preview":"max-image-preview:large","max-video-preview":"max-video-preview:-1"},"canonical":"https:\/\/productionsolo.com\/services\/evenements-2\/","og_locale":"fr_CA","og_type":"article","og_title":"\u00c9v\u00e8nements - Production Solo","og_description":"Soir\u00e9es dansantes, mariages, anniversaires, galas, \u00e9v\u00e9nements corporatifs, animation, \u00e9clairage d'ambiance, sonorisation, agence \u00e9v\u00e9nementielle dj","og_url":"https:\/\/productionsolo.com\/services\/evenements-2\/","og_site_name":"Production Solo","article_modified_time":"2017-08-29T22:34:21+00:00","twitter_card":"summary_large_image","twitter_misc":{"Estimation du temps de lecture":"5 minutes"},"schema":{"@context":"https:\/\/schema.org","@graph":[{"@type":"WebPage","@id":"https:\/\/productionsolo.com\/services\/evenements-2\/","url":"https:\/\/productionsolo.com\/services\/evenements-2\/","name":"\u00c9v\u00e8nements - Production Solo","isPartOf":{"@id":"https:\/\/productionsolo.com\/services\/#website"},"datePublished":"2014-10-20T01:42:35+00:00","dateModified":"2017-08-29T22:34:21+00:00","description":"Soir\u00e9es dansantes, mariages, anniversaires, galas, \u00e9v\u00e9nements corporatifs, animation, \u00e9clairage d'ambiance, sonorisation, agence \u00e9v\u00e9nementielle dj","breadcrumb":{"@id":"https:\/\/productionsolo.com\/services\/evenements-2\/#breadcrumb"},"inLanguage":"fr-CA","potentialAction":[{"@type":"ReadAction","target":["https:\/\/productionsolo.com\/services\/evenements-2\/"]}]},{"@type":"BreadcrumbList","@id":"https:\/\/productionsolo.com\/services\/evenements-2\/#breadcrumb","itemListElement":[{"@type":"ListItem","position":1,"name":"Home","item":"https:\/\/productionsolo.com\/services\/"},{"@type":"ListItem","position":2,"name":"\u00c9v\u00e8nements"}]},{"@type":"WebSite","@id":"https:\/\/productionsolo.com\/services\/#website","url":"https:\/\/productionsolo.com\/services\/","name":"Production Solo","description":"Sp\u00e9cialiste audio et vid\u00e9o","potentialAction":[{"@type":"SearchAction","target":{"@type":"EntryPoint","urlTemplate":"https:\/\/productionsolo.com\/services\/?s={search_term_string}"},"query-input":{"@type":"PropertyValueSpecification","valueRequired":true,"valueName":"search_term_string"}}],"inLanguage":"fr-CA"}]}},"_links":{"self":[{"href":"https:\/\/productionsolo.com\/services\/wp-json\/wp\/v2\/pages\/451","targetHints":{"allow":["GET"]}}],"collection":[{"href":"https:\/\/productionsolo.com\/services\/wp-json\/wp\/v2\/pages"}],"about":[{"href":"https:\/\/productionsolo.com\/services\/wp-json\/wp\/v2\/types\/page"}],"author":[{"embeddable":true,"href":"https:\/\/productionsolo.com\/services\/wp-json\/wp\/v2\/users\/1"}],"replies":[{"embeddable":true,"href":"https:\/\/productionsolo.com\/services\/wp-json\/wp\/v2\/comments?post=451"}],"version-history":[{"count":50,"href":"https:\/\/productionsolo.com\/services\/wp-json\/wp\/v2\/pages\/451\/revisions"}],"predecessor-version":[{"id":792,"href":"https:\/\/productionsolo.com\/services\/wp-json\/wp\/v2\/pages\/451\/revisions\/792"}],"wp:attachment":[{"href":"https:\/\/productionsolo.com\/services\/wp-json\/wp\/v2\/media?parent=451"}],"curies":[{"name":"wp","href":"https:\/\/api.w.org\/{rel}","templated":true}]}}