{"id":411,"date":"2013-12-15T03:21:11","date_gmt":"2013-12-15T03:21:11","guid":{"rendered":"http:\/\/productionsolo.com\/services\/?page_id=411"},"modified":"2013-12-15T03:22:44","modified_gmt":"2013-12-15T03:22:44","slug":"cours-de-dj-laval","status":"publish","type":"page","link":"https:\/\/productionsolo.com\/services\/cours-de-dj-laval\/","title":{"rendered":"Cours de DJ Laval"},"content":{"rendered":"<h1><span style=\"color: #bf0a02;\">Cours de DJ Laval<\/span><\/h1>\n<h2><span style=\"color: #720601;\">par Mathieu Labr\u00e8che<\/span><\/h2>\n<p>Cours priv\u00e9s sp\u00e9cialis\u00e9s<\/p>\n<p><img loading=\"lazy\" decoding=\"async\" class=\"alignnone size-full wp-image-352\" style=\"border: 1px solid black;\" title=\"Cours de dj Laval\" alt=\"Cours de dj Laval\" src=\"https:\/\/productionsolo.com\/services\/wp-content\/uploads\/2013\/12\/setup.jpg\" width=\"1200\" height=\"360\" \/><\/p>\n<h3><span style=\"color: #971001;\">Tous les cours de dj sont adapt\u00e9s au niveau et au rythme de l&rsquo;\u00e9l\u00e8ve.<\/span><\/h3>\n<p>Les cours de dj d\u00e9butent \u00e0 partir de l&rsquo;\u00e2ge de 8 ans.\u00a0 La musique aide les \u00e9l\u00e8ves \u00e0 bien se concentrer \u00e0 l&rsquo;\u00e9cole.<\/p>\n<p>Il n&rsquo;y a pas d&rsquo;\u00e2ge maximal pour suivre les cours.<\/p>\n<p>Vous pouvez d\u00e9duire les cours de musique de sur vos imp\u00f4ts f\u00e9d\u00e9ral jusqu&rsquo;\u00e0 un montant maximal de 500$. Des re\u00e7us sont disponibles.<\/p>\n<p>Les cours sont adapt\u00e9s \u00e0 l&rsquo;horaire et la disponibilit\u00e9 de l&rsquo;\u00e9l\u00e8ve.<\/p>\n<p>Cours de DJ Laval\u00a0: les cours sont disponibles en sessions individuelles, en groupes ou en format atelier pour grands groupes et \u00e9coles.<\/p>\n<p>Service de parascolaire aussi disponible.<\/p>\n<p>&nbsp;<\/p>\n<a href='https:\/\/productionsolo.com\/services\/tarifs-et-plan-de-cours\/' class='big-button bigblue'>TARIFS<\/a>\n<a href='https:\/\/productionsolo.com\/services\/tarifs-et-plan-de-cours\/' class='big-button bigblue'>PLAN DE COURS<\/a>\n<a href='https:\/\/productionsolo.com\/services\/eleves\/' class='big-button bigblue'>\u00c9L\u00c8VES<\/a>\n<a href='https:\/\/productionsolo.com\/services\/ecoles-ateliers-parascolaires\/' class='big-button bigblue'>ATELIERS PARASCOLAIRES<\/a>\n<h4 align=\"left\"><div class='et-box et-shadow'>\n\t\t\t\t\t<div class='et-box-content'><span style=\"color: #971001;\">Depuis 2010, Production Solo incorpor\u00e9 offre un service de DJ personnalis\u00e9 et attentionn\u00e9 \u00e0 tous ses clients.<\/span><\/div><\/div><\/h4>\n<div class='et-box et-shadow'>\n\t\t\t\t\t<div class='et-box-content'><ul>\n<li>\n<h4 align=\"left\"><span style=\"color: #460300;\">Ateliers de DJ<\/span><\/h4>\n<\/li>\n<li>\n<h4 align=\"left\"><span style=\"color: #460300;\">cours de DJ en priv\u00e9 et en groupes<\/span><\/h4>\n<\/li>\n<li>\n<h4 align=\"left\"><span style=\"color: #460300;\">cours de technique de son<\/span><\/h4>\n<\/li>\n<li>\n<h4 align=\"left\"><span style=\"color: #460300;\">cr\u00e9ation musical<\/span><\/h4>\n<\/li>\n<li>\n<h4 align=\"left\"><span style=\"color: #460300;\">organisation d&rsquo;\u00e9v\u00e9nements<\/span><\/h4>\n<\/li>\n<li>\n<h4 align=\"left\"><span style=\"color: #460300;\">discoth\u00e8que mobile<\/span><\/h4>\n<\/li>\n<li>\n<h4 align=\"left\"><span style=\"color: #460300;\">location et vente d&rsquo;\u00e9quipement<\/span><\/h4>\n<\/li>\n<li>\n<h4 align=\"left\"><span style=\"color: #460300;\">installation audio-vid\u00e9o<\/span><\/h4>\n<\/li>\n<\/ul>\n<p><span style=\"color: #ab0f02;\">Laissez l&rsquo;\u00e9quipe de Production Solo d\u00e9montrer son travail professionnel et \u00e0 la hauteur de vos attentes.<\/span><\/div><\/div>\n<p>Design du site par <a href=\"http:\/\/fadoul.ca\/\">Fadoul.ca<\/a><\/p>\n","protected":false},"excerpt":{"rendered":"<p>Cours de DJ Laval par Mathieu Labr\u00e8che Cours priv\u00e9s sp\u00e9cialis\u00e9s Tous les cours de dj sont adapt\u00e9s au niveau et au rythme de l&rsquo;\u00e9l\u00e8ve. Les cours de dj d\u00e9butent \u00e0 partir de l&rsquo;\u00e2ge de 8 ans.\u00a0 La musique aide les \u00e9l\u00e8ves \u00e0 bien se concentrer \u00e0 l&rsquo;\u00e9cole. Il n&rsquo;y a pas d&rsquo;\u00e2ge maximal pour suivre [&hellip;]<\/p>\n","protected":false},"author":1,"featured_media":141,"parent":0,"menu_order":0,"comment_status":"open","ping_status":"closed","template":"page-full.php","meta":{"_et_pb_use_builder":"","_et_pb_old_content":"","_et_gb_content_width":"","footnotes":""},"class_list":["post-411","page","type-page","status-publish","has-post-thumbnail","hentry"],"yoast_head":"<!-- This site is optimized with the Yoast SEO plugin v24.3 - https:\/\/yoast.com\/wordpress\/plugins\/seo\/ -->\n<title>Cours de DJ Laval - Cours individuels, groupes et \u00e9coles.<\/title>\n<meta name=\"description\" content=\"Cours de DJ Laval - PRODUCTION SOLO INC - Magasin de musique sp\u00e9cialis\u00e9 en audio &amp; video et dj . Cours de dj individuels, groupes et \u00e9coles.\" \/>\n<meta name=\"robots\" content=\"index, follow, max-snippet:-1, max-image-preview:large, max-video-preview:-1\" \/>\n<link rel=\"canonical\" href=\"https:\/\/productionsolo.com\/services\/cours-de-dj-laval\/\" \/>\n<meta property=\"og:locale\" content=\"fr_CA\" \/>\n<meta property=\"og:type\" content=\"article\" \/>\n<meta property=\"og:title\" content=\"Cours de DJ Laval - Cours individuels, groupes et \u00e9coles.\" \/>\n<meta property=\"og:description\" content=\"Cours de DJ Laval - PRODUCTION SOLO INC - Magasin de musique sp\u00e9cialis\u00e9 en audio &amp; video et dj . Cours de dj individuels, groupes et \u00e9coles.\" \/>\n<meta property=\"og:url\" content=\"https:\/\/productionsolo.com\/services\/cours-de-dj-laval\/\" \/>\n<meta property=\"og:site_name\" content=\"Production Solo\" \/>\n<meta property=\"article:modified_time\" content=\"2013-12-15T03:22:44+00:00\" \/>\n<meta property=\"og:image\" content=\"https:\/\/productionsolo.com\/services\/wp-content\/uploads\/2013\/10\/cours.jpg\" \/>\n\t<meta property=\"og:image:width\" content=\"1920\" \/>\n\t<meta property=\"og:image:height\" content=\"1080\" \/>\n\t<meta property=\"og:image:type\" content=\"image\/jpeg\" \/>\n<meta name=\"twitter:card\" content=\"summary_large_image\" \/>\n<meta name=\"twitter:label1\" content=\"Estimation du temps de lecture\" \/>\n\t<meta name=\"twitter:data1\" content=\"1 minute\" \/>\n<script type=\"application\/ld+json\" class=\"yoast-schema-graph\">{\"@context\":\"https:\/\/schema.org\",\"@graph\":[{\"@type\":\"WebPage\",\"@id\":\"https:\/\/productionsolo.com\/services\/cours-de-dj-laval\/\",\"url\":\"https:\/\/productionsolo.com\/services\/cours-de-dj-laval\/\",\"name\":\"Cours de DJ Laval - Cours individuels, groupes et \u00e9coles.\",\"isPartOf\":{\"@id\":\"https:\/\/productionsolo.com\/services\/#website\"},\"primaryImageOfPage\":{\"@id\":\"https:\/\/productionsolo.com\/services\/cours-de-dj-laval\/#primaryimage\"},\"image\":{\"@id\":\"https:\/\/productionsolo.com\/services\/cours-de-dj-laval\/#primaryimage\"},\"thumbnailUrl\":\"https:\/\/productionsolo.com\/services\/wp-content\/uploads\/2013\/10\/cours.jpg\",\"datePublished\":\"2013-12-15T03:21:11+00:00\",\"dateModified\":\"2013-12-15T03:22:44+00:00\",\"description\":\"Cours de DJ Laval - PRODUCTION SOLO INC - Magasin de musique sp\u00e9cialis\u00e9 en audio & video et dj . Cours de dj individuels, groupes et \u00e9coles.\",\"breadcrumb\":{\"@id\":\"https:\/\/productionsolo.com\/services\/cours-de-dj-laval\/#breadcrumb\"},\"inLanguage\":\"fr-CA\",\"potentialAction\":[{\"@type\":\"ReadAction\",\"target\":[\"https:\/\/productionsolo.com\/services\/cours-de-dj-laval\/\"]}]},{\"@type\":\"ImageObject\",\"inLanguage\":\"fr-CA\",\"@id\":\"https:\/\/productionsolo.com\/services\/cours-de-dj-laval\/#primaryimage\",\"url\":\"https:\/\/productionsolo.com\/services\/wp-content\/uploads\/2013\/10\/cours.jpg\",\"contentUrl\":\"https:\/\/productionsolo.com\/services\/wp-content\/uploads\/2013\/10\/cours.jpg\",\"width\":1920,\"height\":1080},{\"@type\":\"BreadcrumbList\",\"@id\":\"https:\/\/productionsolo.com\/services\/cours-de-dj-laval\/#breadcrumb\",\"itemListElement\":[{\"@type\":\"ListItem\",\"position\":1,\"name\":\"Home\",\"item\":\"https:\/\/productionsolo.com\/services\/\"},{\"@type\":\"ListItem\",\"position\":2,\"name\":\"Cours de DJ Laval\"}]},{\"@type\":\"WebSite\",\"@id\":\"https:\/\/productionsolo.com\/services\/#website\",\"url\":\"https:\/\/productionsolo.com\/services\/\",\"name\":\"Production Solo\",\"description\":\"Sp\u00e9cialiste audio et vid\u00e9o\",\"potentialAction\":[{\"@type\":\"SearchAction\",\"target\":{\"@type\":\"EntryPoint\",\"urlTemplate\":\"https:\/\/productionsolo.com\/services\/?s={search_term_string}\"},\"query-input\":{\"@type\":\"PropertyValueSpecification\",\"valueRequired\":true,\"valueName\":\"search_term_string\"}}],\"inLanguage\":\"fr-CA\"}]}<\/script>\n<!-- \/ Yoast SEO plugin. -->","yoast_head_json":{"title":"Cours de DJ Laval - Cours individuels, groupes et \u00e9coles.","description":"Cours de DJ Laval - PRODUCTION SOLO INC - Magasin de musique sp\u00e9cialis\u00e9 en audio & video et dj . Cours de dj individuels, groupes et \u00e9coles.","robots":{"index":"index","follow":"follow","max-snippet":"max-snippet:-1","max-image-preview":"max-image-preview:large","max-video-preview":"max-video-preview:-1"},"canonical":"https:\/\/productionsolo.com\/services\/cours-de-dj-laval\/","og_locale":"fr_CA","og_type":"article","og_title":"Cours de DJ Laval - Cours individuels, groupes et \u00e9coles.","og_description":"Cours de DJ Laval - PRODUCTION SOLO INC - Magasin de musique sp\u00e9cialis\u00e9 en audio & video et dj . Cours de dj individuels, groupes et \u00e9coles.","og_url":"https:\/\/productionsolo.com\/services\/cours-de-dj-laval\/","og_site_name":"Production Solo","article_modified_time":"2013-12-15T03:22:44+00:00","og_image":[{"width":1920,"height":1080,"url":"https:\/\/productionsolo.com\/services\/wp-content\/uploads\/2013\/10\/cours.jpg","type":"image\/jpeg"}],"twitter_card":"summary_large_image","twitter_misc":{"Estimation du temps de lecture":"1 minute"},"schema":{"@context":"https:\/\/schema.org","@graph":[{"@type":"WebPage","@id":"https:\/\/productionsolo.com\/services\/cours-de-dj-laval\/","url":"https:\/\/productionsolo.com\/services\/cours-de-dj-laval\/","name":"Cours de DJ Laval - Cours individuels, groupes et \u00e9coles.","isPartOf":{"@id":"https:\/\/productionsolo.com\/services\/#website"},"primaryImageOfPage":{"@id":"https:\/\/productionsolo.com\/services\/cours-de-dj-laval\/#primaryimage"},"image":{"@id":"https:\/\/productionsolo.com\/services\/cours-de-dj-laval\/#primaryimage"},"thumbnailUrl":"https:\/\/productionsolo.com\/services\/wp-content\/uploads\/2013\/10\/cours.jpg","datePublished":"2013-12-15T03:21:11+00:00","dateModified":"2013-12-15T03:22:44+00:00","description":"Cours de DJ Laval - PRODUCTION SOLO INC - Magasin de musique sp\u00e9cialis\u00e9 en audio & video et dj . Cours de dj individuels, groupes et \u00e9coles.","breadcrumb":{"@id":"https:\/\/productionsolo.com\/services\/cours-de-dj-laval\/#breadcrumb"},"inLanguage":"fr-CA","potentialAction":[{"@type":"ReadAction","target":["https:\/\/productionsolo.com\/services\/cours-de-dj-laval\/"]}]},{"@type":"ImageObject","inLanguage":"fr-CA","@id":"https:\/\/productionsolo.com\/services\/cours-de-dj-laval\/#primaryimage","url":"https:\/\/productionsolo.com\/services\/wp-content\/uploads\/2013\/10\/cours.jpg","contentUrl":"https:\/\/productionsolo.com\/services\/wp-content\/uploads\/2013\/10\/cours.jpg","width":1920,"height":1080},{"@type":"BreadcrumbList","@id":"https:\/\/productionsolo.com\/services\/cours-de-dj-laval\/#breadcrumb","itemListElement":[{"@type":"ListItem","position":1,"name":"Home","item":"https:\/\/productionsolo.com\/services\/"},{"@type":"ListItem","position":2,"name":"Cours de DJ Laval"}]},{"@type":"WebSite","@id":"https:\/\/productionsolo.com\/services\/#website","url":"https:\/\/productionsolo.com\/services\/","name":"Production Solo","description":"Sp\u00e9cialiste audio et vid\u00e9o","potentialAction":[{"@type":"SearchAction","target":{"@type":"EntryPoint","urlTemplate":"https:\/\/productionsolo.com\/services\/?s={search_term_string}"},"query-input":{"@type":"PropertyValueSpecification","valueRequired":true,"valueName":"search_term_string"}}],"inLanguage":"fr-CA"}]}},"_links":{"self":[{"href":"https:\/\/productionsolo.com\/services\/wp-json\/wp\/v2\/pages\/411","targetHints":{"allow":["GET"]}}],"collection":[{"href":"https:\/\/productionsolo.com\/services\/wp-json\/wp\/v2\/pages"}],"about":[{"href":"https:\/\/productionsolo.com\/services\/wp-json\/wp\/v2\/types\/page"}],"author":[{"embeddable":true,"href":"https:\/\/productionsolo.com\/services\/wp-json\/wp\/v2\/users\/1"}],"replies":[{"embeddable":true,"href":"https:\/\/productionsolo.com\/services\/wp-json\/wp\/v2\/comments?post=411"}],"version-history":[{"count":3,"href":"https:\/\/productionsolo.com\/services\/wp-json\/wp\/v2\/pages\/411\/revisions"}],"predecessor-version":[{"id":414,"href":"https:\/\/productionsolo.com\/services\/wp-json\/wp\/v2\/pages\/411\/revisions\/414"}],"wp:featuredmedia":[{"embeddable":true,"href":"https:\/\/productionsolo.com\/services\/wp-json\/wp\/v2\/media\/141"}],"wp:attachment":[{"href":"https:\/\/productionsolo.com\/services\/wp-json\/wp\/v2\/media?parent=411"}],"curies":[{"name":"wp","href":"https:\/\/api.w.org\/{rel}","templated":true}]}}