{"id":231,"date":"2013-11-19T03:38:16","date_gmt":"2013-11-19T03:38:16","guid":{"rendered":"http:\/\/productionsolo.com\/services\/?page_id=231"},"modified":"2014-09-09T20:16:25","modified_gmt":"2014-09-09T20:16:25","slug":"tarifs-et-plan-de-cours","status":"publish","type":"page","link":"https:\/\/productionsolo.com\/services\/tarifs-et-plan-de-cours\/","title":{"rendered":"Tarifs et plan de cours"},"content":{"rendered":"<p>Les tableaux sont indiqu\u00e9s \u00e0 base de suggestions.<\/p>\n<div class='et-learn-more clearfix'>\n\t\t\t\t\t<h3 class='heading-more'>TARIFS<span class='et_learnmore_arrow'><span><\/span><\/span><\/h3>\n\t\t\t\t\t<div class='learn-more-content'><div>\n<ul>\n<li>1 cours &#8211; 1 heure 40 $<\/li>\n<li>1 session &#8211; 4 heures 150 $<\/li>\n<li>1 session &#8211; 12 heures 440 $<\/li>\n<li>Les taxes sont incluses dans les prix.<\/div>\n\t\t\t\t<\/div><\/li>\n<\/ul>\n<\/div>\n<div class='et-learn-more clearfix'>\n\t\t\t\t\t<h3 class='heading-more'>MAT\u00c9RIEL FOURNI PAR STATION DE DJ<span class='et_learnmore_arrow'><span><\/span><\/span><\/h3>\n\t\t\t\t\t<div class='learn-more-content'><ul>\n<li>2 tables tournantes<\/li>\n<li>1 mixer<\/li>\n<li>Controlleur X1<\/li>\n<li>Maschine<\/li>\n<li>Ordinateur, logiciels, projection sur \u00e9cran de 42 pouces<\/div>\n\t\t\t\t<\/div><\/li>\n<\/ul>\n<div class='et-learn-more clearfix'>\n\t\t\t\t\t<h3 class='heading-more'>TECHNIQUES DE SON<span class='et_learnmore_arrow'><span><\/span><\/span><\/h3>\n\t\t\t\t\t<div class='learn-more-content'><ul>\n<li><strong>Se familiariser avec l\u2019\u00e9quipement et manipulation du syst\u00e8me de son<\/strong><\/li>\n<li><strong>Brancher l\u2019\u00e9quipement de fa\u00e7on appropri\u00e9e<\/strong><\/li>\n<li>Fonctions audio (r\u00e9gler le son)<\/li>\n<li>Input\/Entr\u00e9e, Output\/Sortie<\/li>\n<li>Mapping<\/li>\n<li>Midi<\/li>\n<li>Carte de son<\/li>\n<li>Console de son<\/li>\n<li>Insonorisation d&rsquo;un local (miking)<\/li>\n<li>Ajustements audio<\/li>\n<li>et autres&#8230;<\/div>\n\t\t\t\t<\/div><\/li>\n<\/ul>\n<div class='et-learn-more clearfix'>\n\t\t\t\t\t<h3 class='heading-more'>TECHNIQUES DE MIXAGE<span class='et_learnmore_arrow'><span><\/span><\/span><\/h3>\n\t\t\t\t\t<div class='learn-more-content'><p>Les styles de musique et les DJ<\/p>\n<ul>\n<li>D\u00e9couvertes des styles de musique populaires (groupes et chansons)<\/li>\n<li>Introduction aux DJ connus (chansons et styles)<\/li>\n<li>Historique du DJing<\/li>\n<\/ul>\n<p>Initiation au mixage<\/p>\n<ul>\n<li>Manipulation d&rsquo;instruments (tables tournantes et mixer)<\/li>\n<li>L\u2019utilit\u00e9 des \u00e9couteurs<\/li>\n<li>Manipulation de vinyle<\/li>\n<li>Utilit\u00e9 de la feutrine (slipmat)<\/li>\n<li>Calibration de la table et de l\u2019aiguille<\/li>\n<li>Diff\u00e9rence entre 33 tours et 45 tours<\/li>\n<li>Rondelle 45 tours<\/li>\n<li>Comprendre la base du mixing: comment faire?<\/li>\n<li>et autres&#8230;<\/li>\n<\/ul>\n<p>Techniques de mixage (d\u00e9butant)<\/p>\n<ul>\n<li>Mouvements de base<\/li>\n<li>Apprendre \u00e0 utiliser les curseurs<\/li>\n<li>R\u00e9glage de son<\/li>\n<li>Points de mixage<\/li>\n<li>Effets<\/li>\n<li>Tempo et BPM (Battements par minute)<\/li>\n<li>Techniques crois\u00e9es<\/li>\n<li>Synchronisation de la musique (contr\u00f4le du pitch)<\/li>\n<li>et autres&#8230;<\/li>\n<\/ul>\n<p>Techniques de mixage (interm\u00e9diaire)<\/p>\n<ul>\n<li>Mouvements qui sont de niveau moyen<\/li>\n<li>Compter les mesures<\/li>\n<li>Techniques d&rsquo;association de basse (beat to beat)<\/li>\n<li>Mixing harmonique<\/li>\n<li>Signal (cue), boucles (loops)<\/li>\n<li>Perfectionnement de l\u2019utilisation du curseur en crois\u00e9 (crossfader)<\/li>\n<li>et autres&#8230;<\/li>\n<\/ul>\n<p>Techniques de scratch (avanc\u00e9)<\/p>\n<ul>\n<li>Mouvements qui sont de niveau difficile<\/li>\n<li>Arrangements musicaux<\/li>\n<li>Utilisation de quatre tables tournantes en m\u00eame temps<\/li>\n<li>Mixage rapide<\/li>\n<li>Remix<\/li>\n<li>et autres&#8230;<\/div>\n\t\t\t\t<\/div><\/li>\n<\/ul>\n<div class='et-learn-more clearfix'>\n\t\t\t\t\t<h3 class='heading-more'>TECHNIQUES DE SCRATCH<span class='et_learnmore_arrow'><span><\/span><\/span><\/h3>\n\t\t\t\t\t<div class='learn-more-content'><p>Techniques de scratch (d\u00e9butant)<\/p>\n<ul>\n<li>Mouvements de base<\/li>\n<li>Apprendre \u00e0 utiliser le curseur en crois\u00e9 (crossfader)<\/li>\n<\/ul>\n<p>Techniques de scratch (interm\u00e9diaire)<\/p>\n<ul>\n<li>Mouvements qui sont de niveau moyen<\/li>\n<li>Combinaison de diff\u00e9rents mouvements des techniques de scratch d\u00e9butant et facile en plus de nouveaux mouvements<\/li>\n<li>Perfectionnement de l\u2019utilisation du curseur en crois\u00e9 (crossfader)<\/li>\n<\/ul>\n<p>Techniques de scratch (avanc\u00e9)<\/p>\n<ul>\n<li>Mouvements qui sont de niveau difficile<\/li>\n<\/ul>\n<p>Techniques de jonglage<\/p>\n<ul>\n<li>Explication de la technique de jonglage<\/li>\n<li>Compter les temps de mesure<\/div>\n\t\t\t\t<\/div><\/li>\n<\/ul>\n<div class='et-learn-more clearfix'>\n\t\t\t\t\t<h3 class='heading-more'>COURS DE LOGICIEL DE DJ: TRAKTOR PRO 2<span class='et_learnmore_arrow'><span><\/span><\/span><\/h3>\n\t\t\t\t\t<div class='learn-more-content'><p><strong> Traktor 2.5<\/strong><\/p>\n<p>Fonctionnement technique du programme<\/p>\n<ul>\n<li>Installation, activation et branchement du logiciel<\/li>\n<li>Configuration du logiciel avec votre ordinateur<\/li>\n<\/ul>\n<p>Fonctionnement du logiciel<\/p>\n<ul>\n<li>Utilisation<\/li>\n<li>Configuration<\/li>\n<li>Utilisation des decks<\/li>\n<li>Timecode<\/li>\n<li>Mixer<\/li>\n<li>Enregistrement<\/li>\n<li>Control manager<\/li>\n<li>Pr\u00e9f\u00e9rences<\/li>\n<li>Effets<\/div>\n\t\t\t\t<\/div><\/li>\n<\/ul>\n<div class='et-learn-more clearfix'>\n\t\t\t\t\t<h3 class='heading-more'>COURS DE LOGICIEL DE CR\u00c9ATION ET DE PRODUCTION: MASCHINE<span class='et_learnmore_arrow'><span><\/span><\/span><\/h3>\n\t\t\t\t\t<div class='learn-more-content'><p><strong> Maschine 1.6<\/strong><\/p>\n<p>Fonctionnement technique du programme<\/p>\n<ul>\n<li>Installation, activation et branchement du logiciel<\/li>\n<li>Configuration du logiciel avec votre ordinateur<\/li>\n<li>Documentation<\/li>\n<\/ul>\n<p>Cr\u00e9er un motif rythmique (pattern)<\/p>\n<ul>\n<li>\u00c9chantillon (Sample)<\/li>\n<li>Sons<\/li>\n<li>Groupes<\/li>\n<li>Patterns<\/li>\n<li>Grilles<\/li>\n<li>Enregistrer<\/li>\n<li>Mode piano (keyboard)<\/li>\n<li>Mat\u00e9riel logiciel<\/li>\n<\/ul>\n<p>Utilisation des effets et du routage<\/p>\n<ul>\n<li>Effets<\/li>\n<li>Groupes d&rsquo;effets<\/li>\n<li>Sons d&rsquo;effets<\/li>\n<li>Conseils des routage<\/li>\n<\/ul>\n<p>Cr\u00e9ation de morceaux<\/p>\n<ul>\n<li>Ins\u00e9rer et supprimer les sc\u00e8nes<\/li>\n<li>Utilisation de boucles<\/li>\n<li>Cr\u00e9ation d&rsquo;un clip<\/li>\n<\/ul>\n<p>\u00c9chantillonnages<\/p>\n<ul>\n<li>\u00c9diter<\/li>\n<li>D\u00e9couper<\/li>\n<li>Assigner<\/li>\n<\/ul>\n<p>Cr\u00e9er des projets<\/p>\n<ul>\n<li>Sauvegarder<\/li>\n<li>D\u00e9crire les fichiers<\/li>\n<li>Exporter<\/li>\n<\/ul>\n<p>Trucs et conseils<\/p>\n<ul>\n<li>Bien utiliser les fonctions<\/li>\n<li>Comment se simplifier la vie<\/li>\n<li>Aller au bout de ses limites<\/li>\n<li>Synchroniser avec Midi-clock<\/div>\n\t\t\t\t<\/div><\/li>\n<\/ul>\n<div class='et-learn-more clearfix'>\n\t\t\t\t\t<h3 class='heading-more'>COURS DE LOGICIEL D&#039;ENREGISTREMENT: PRO TOOLS 10<span class='et_learnmore_arrow'><span><\/span><\/span><\/h3>\n\t\t\t\t\t<div class='learn-more-content'><p>1 session &#8211; 20 heures<\/p>\n<p>800$<\/p>\n<p>Les taxes sont incluses dans les prix.<\/div>\n\t\t\t\t<\/div>\n","protected":false},"excerpt":{"rendered":"<p>Les tableaux sont indiqu\u00e9s \u00e0 base de suggestions.<\/p>\n","protected":false},"author":1,"featured_media":0,"parent":0,"menu_order":0,"comment_status":"open","ping_status":"open","template":"page-full.php","meta":{"_et_pb_use_builder":"","_et_pb_old_content":"","_et_gb_content_width":"","footnotes":""},"class_list":["post-231","page","type-page","status-publish","hentry"],"yoast_head":"<!-- This site is optimized with the Yoast SEO plugin v24.3 - https:\/\/yoast.com\/wordpress\/plugins\/seo\/ -->\n<title>Tarifs et plan de cours - Production Solo<\/title>\n<meta name=\"robots\" content=\"index, follow, max-snippet:-1, max-image-preview:large, max-video-preview:-1\" \/>\n<link rel=\"canonical\" href=\"https:\/\/productionsolo.com\/services\/tarifs-et-plan-de-cours\/\" \/>\n<meta property=\"og:locale\" content=\"fr_CA\" \/>\n<meta property=\"og:type\" content=\"article\" \/>\n<meta property=\"og:title\" content=\"Tarifs et plan de cours - Production Solo\" \/>\n<meta property=\"og:description\" content=\"Les tableaux sont indiqu\u00e9s \u00e0 base de suggestions.\" \/>\n<meta property=\"og:url\" content=\"https:\/\/productionsolo.com\/services\/tarifs-et-plan-de-cours\/\" \/>\n<meta property=\"og:site_name\" content=\"Production Solo\" \/>\n<meta property=\"article:modified_time\" content=\"2014-09-09T20:16:25+00:00\" \/>\n<meta name=\"twitter:card\" content=\"summary_large_image\" \/>\n<meta name=\"twitter:label1\" content=\"Estimation du temps de lecture\" \/>\n\t<meta name=\"twitter:data1\" content=\"3 minutes\" \/>\n<script type=\"application\/ld+json\" class=\"yoast-schema-graph\">{\"@context\":\"https:\/\/schema.org\",\"@graph\":[{\"@type\":\"WebPage\",\"@id\":\"https:\/\/productionsolo.com\/services\/tarifs-et-plan-de-cours\/\",\"url\":\"https:\/\/productionsolo.com\/services\/tarifs-et-plan-de-cours\/\",\"name\":\"Tarifs et plan de cours - Production Solo\",\"isPartOf\":{\"@id\":\"https:\/\/productionsolo.com\/services\/#website\"},\"datePublished\":\"2013-11-19T03:38:16+00:00\",\"dateModified\":\"2014-09-09T20:16:25+00:00\",\"breadcrumb\":{\"@id\":\"https:\/\/productionsolo.com\/services\/tarifs-et-plan-de-cours\/#breadcrumb\"},\"inLanguage\":\"fr-CA\",\"potentialAction\":[{\"@type\":\"ReadAction\",\"target\":[\"https:\/\/productionsolo.com\/services\/tarifs-et-plan-de-cours\/\"]}]},{\"@type\":\"BreadcrumbList\",\"@id\":\"https:\/\/productionsolo.com\/services\/tarifs-et-plan-de-cours\/#breadcrumb\",\"itemListElement\":[{\"@type\":\"ListItem\",\"position\":1,\"name\":\"Home\",\"item\":\"https:\/\/productionsolo.com\/services\/\"},{\"@type\":\"ListItem\",\"position\":2,\"name\":\"Tarifs et plan de cours\"}]},{\"@type\":\"WebSite\",\"@id\":\"https:\/\/productionsolo.com\/services\/#website\",\"url\":\"https:\/\/productionsolo.com\/services\/\",\"name\":\"Production Solo\",\"description\":\"Sp\u00e9cialiste audio et vid\u00e9o\",\"potentialAction\":[{\"@type\":\"SearchAction\",\"target\":{\"@type\":\"EntryPoint\",\"urlTemplate\":\"https:\/\/productionsolo.com\/services\/?s={search_term_string}\"},\"query-input\":{\"@type\":\"PropertyValueSpecification\",\"valueRequired\":true,\"valueName\":\"search_term_string\"}}],\"inLanguage\":\"fr-CA\"}]}<\/script>\n<!-- \/ Yoast SEO plugin. -->","yoast_head_json":{"title":"Tarifs et plan de cours - Production Solo","robots":{"index":"index","follow":"follow","max-snippet":"max-snippet:-1","max-image-preview":"max-image-preview:large","max-video-preview":"max-video-preview:-1"},"canonical":"https:\/\/productionsolo.com\/services\/tarifs-et-plan-de-cours\/","og_locale":"fr_CA","og_type":"article","og_title":"Tarifs et plan de cours - Production Solo","og_description":"Les tableaux sont indiqu\u00e9s \u00e0 base de suggestions.","og_url":"https:\/\/productionsolo.com\/services\/tarifs-et-plan-de-cours\/","og_site_name":"Production Solo","article_modified_time":"2014-09-09T20:16:25+00:00","twitter_card":"summary_large_image","twitter_misc":{"Estimation du temps de lecture":"3 minutes"},"schema":{"@context":"https:\/\/schema.org","@graph":[{"@type":"WebPage","@id":"https:\/\/productionsolo.com\/services\/tarifs-et-plan-de-cours\/","url":"https:\/\/productionsolo.com\/services\/tarifs-et-plan-de-cours\/","name":"Tarifs et plan de cours - Production Solo","isPartOf":{"@id":"https:\/\/productionsolo.com\/services\/#website"},"datePublished":"2013-11-19T03:38:16+00:00","dateModified":"2014-09-09T20:16:25+00:00","breadcrumb":{"@id":"https:\/\/productionsolo.com\/services\/tarifs-et-plan-de-cours\/#breadcrumb"},"inLanguage":"fr-CA","potentialAction":[{"@type":"ReadAction","target":["https:\/\/productionsolo.com\/services\/tarifs-et-plan-de-cours\/"]}]},{"@type":"BreadcrumbList","@id":"https:\/\/productionsolo.com\/services\/tarifs-et-plan-de-cours\/#breadcrumb","itemListElement":[{"@type":"ListItem","position":1,"name":"Home","item":"https:\/\/productionsolo.com\/services\/"},{"@type":"ListItem","position":2,"name":"Tarifs et plan de cours"}]},{"@type":"WebSite","@id":"https:\/\/productionsolo.com\/services\/#website","url":"https:\/\/productionsolo.com\/services\/","name":"Production Solo","description":"Sp\u00e9cialiste audio et vid\u00e9o","potentialAction":[{"@type":"SearchAction","target":{"@type":"EntryPoint","urlTemplate":"https:\/\/productionsolo.com\/services\/?s={search_term_string}"},"query-input":{"@type":"PropertyValueSpecification","valueRequired":true,"valueName":"search_term_string"}}],"inLanguage":"fr-CA"}]}},"_links":{"self":[{"href":"https:\/\/productionsolo.com\/services\/wp-json\/wp\/v2\/pages\/231","targetHints":{"allow":["GET"]}}],"collection":[{"href":"https:\/\/productionsolo.com\/services\/wp-json\/wp\/v2\/pages"}],"about":[{"href":"https:\/\/productionsolo.com\/services\/wp-json\/wp\/v2\/types\/page"}],"author":[{"embeddable":true,"href":"https:\/\/productionsolo.com\/services\/wp-json\/wp\/v2\/users\/1"}],"replies":[{"embeddable":true,"href":"https:\/\/productionsolo.com\/services\/wp-json\/wp\/v2\/comments?post=231"}],"version-history":[{"count":3,"href":"https:\/\/productionsolo.com\/services\/wp-json\/wp\/v2\/pages\/231\/revisions"}],"predecessor-version":[{"id":426,"href":"https:\/\/productionsolo.com\/services\/wp-json\/wp\/v2\/pages\/231\/revisions\/426"}],"wp:attachment":[{"href":"https:\/\/productionsolo.com\/services\/wp-json\/wp\/v2\/media?parent=231"}],"curies":[{"name":"wp","href":"https:\/\/api.w.org\/{rel}","templated":true}]}}