{"id":114,"date":"2013-10-09T02:46:45","date_gmt":"2013-10-09T02:46:45","guid":{"rendered":"http:\/\/productionsolo.com\/services\/?page_id=114"},"modified":"2017-08-02T17:39:01","modified_gmt":"2017-08-02T17:39:01","slug":"studio-denregistrement-2","status":"publish","type":"page","link":"https:\/\/productionsolo.com\/services\/studio-denregistrement-2\/","title":{"rendered":"Studio d&rsquo;enregistrement"},"content":{"rendered":"<p>[et_pb_section bb_built=\u00a0\u00bb1&Prime; fullwidth=\u00a0\u00bbon\u00a0\u00bb _builder_version=\u00a0\u00bb3.0.47&Prime;][et_pb_fullwidth_header title=\u00a0\u00bbStudio d&rsquo;enregistrement\u00a0\u00bb subhead=\u00a0\u00bbEnregistrement, montage, remasterisation, r\u00e9p\u00e9tition\u00a0\u00bb header_image_url=\u00a0\u00bbhttps:\/\/productionsolo.com\/services\/wp-content\/uploads\/2013\/10\/enregistrement.jpg\u00a0\u00bb _builder_version=\u00a0\u00bb3.0.65&Prime; text_orientation=\u00a0\u00bbleft\u00a0\u00bb header_fullscreen=\u00a0\u00bboff\u00a0\u00bb header_scroll_down=\u00a0\u00bboff\u00a0\u00bb image_orientation=\u00a0\u00bbcenter\u00a0\u00bb background_layout=\u00a0\u00bblight\u00a0\u00bb content_orientation=\u00a0\u00bbcenter\u00a0\u00bb custom_button_one=\u00a0\u00bboff\u00a0\u00bb button_one_letter_spacing=\u00a0\u00bb0&Prime; button_one_icon_placement=\u00a0\u00bbright\u00a0\u00bb button_one_letter_spacing_hover=\u00a0\u00bb0&Prime; custom_button_two=\u00a0\u00bboff\u00a0\u00bb button_two_letter_spacing=\u00a0\u00bb0&Prime; button_two_icon_placement=\u00a0\u00bbright\u00a0\u00bb button_two_letter_spacing_hover=\u00a0\u00bb0&Prime; \/][\/et_pb_section][et_pb_section bb_built=\u00a0\u00bb1&Prime; _builder_version=\u00a0\u00bb3.0.47&Prime;][et_pb_row _builder_version=\u00a0\u00bb3.0.47&Prime; background_size=\u00a0\u00bbinitial\u00a0\u00bb background_position=\u00a0\u00bbtop_left\u00a0\u00bb background_repeat=\u00a0\u00bbrepeat\u00a0\u00bb][et_pb_column type=\u00a0\u00bb4_4&Prime;][et_pb_text _builder_version=\u00a0\u00bb3.0.65&Prime;]<\/p>\n<h2 style=\"text-align: center;\">Tarifs<\/h2>\n<p>[\/et_pb_text][et_pb_tabs _builder_version=\u00a0\u00bb3.0.65&Prime;] [et_pb_tab title=\u00a0\u00bbDisque Jockey\u00a0\u00bb _builder_version=\u00a0\u00bb3.0.47&Prime; tab_font=\u00a0\u00bb||||\u00a0\u00bb body_font=\u00a0\u00bb||||\u00a0\u00bb]<\/p>\n<ul>\n<li>\u00c9quipement de disque jockey fourni avec ordinateur et logiciels<\/li>\n<\/ul>\n<table>\n<tbody>\n<tr>\n<td>30 min<\/td>\n<td>30$<\/td>\n<\/tr>\n<tr>\n<td>1 heure<\/td>\n<td>120$<\/td>\n<\/tr>\n<tr>\n<td>4 heures<\/td>\n<td>40$<\/td>\n<\/tr>\n<\/tbody>\n<\/table>\n<p>&nbsp;<\/p>\n<p>[\/et_pb_tab][et_pb_tab title=\u00a0\u00bbBatterie\u00a0\u00bb _builder_version=\u00a0\u00bb3.0.47&Prime; tab_font=\u00a0\u00bb||||\u00a0\u00bb body_font=\u00a0\u00bb||||\u00a0\u00bb]<\/p>\n<ul>\n<li>Studio insonoris\u00e9<\/li>\n<li>Batterie inclus<\/li>\n<li>Syst\u00e8me de micros<br \/>\n<table>\n<tbody>\n<tr>\n<td>30 min<\/td>\n<td>25$<\/td>\n<\/tr>\n<tr>\n<td>1 heure<\/td>\n<td>40$<\/td>\n<\/tr>\n<tr>\n<td>4 heures<\/td>\n<td>150$<\/td>\n<\/tr>\n<\/tbody>\n<\/table>\n<\/li>\n<\/ul>\n<p>[\/et_pb_tab][et_pb_tab title=\u00a0\u00bbGuitare et basse\u00a0\u00bb _builder_version=\u00a0\u00bb3.0.65&Prime;]<\/p>\n<ul>\n<li>Studio insonoris\u00e9<\/li>\n<li>Micros<\/li>\n<\/ul>\n<table>\n<tbody>\n<tr>\n<td>30 min<\/td>\n<td>20$<\/td>\n<\/tr>\n<tr>\n<td>1 heure<\/td>\n<td>30$<\/td>\n<\/tr>\n<tr>\n<td>4 heures<\/td>\n<td>110$<\/td>\n<\/tr>\n<\/tbody>\n<\/table>\n<p>&nbsp;<\/p>\n<p>[\/et_pb_tab][et_pb_tab title=\u00a0\u00bbVoix\u00a0\u00bb _builder_version=\u00a0\u00bb3.0.65&Prime;]<\/p>\n<ul>\n<li>Studio insonoris\u00e9<\/li>\n<li>Micros<\/li>\n<\/ul>\n<table>\n<tbody>\n<tr>\n<td>30 min<\/td>\n<td>25$<\/td>\n<\/tr>\n<tr>\n<td>1 heure<\/td>\n<td>40$<\/td>\n<\/tr>\n<tr>\n<td>4 heures<\/td>\n<td>150$<\/td>\n<\/tr>\n<\/tbody>\n<\/table>\n<p>&nbsp;<\/p>\n<p>[\/et_pb_tab][et_pb_tab title=\u00a0\u00bbGroupe de musiciens\u00a0\u00bb _builder_version=\u00a0\u00bb3.0.65&Prime;]<\/p>\n<ul>\n<li>Studio insonoris\u00e9<\/li>\n<li>Peut inclure une vari\u00e9t\u00e9 d\u2019instruments ainsi que l\u2019enregistrement de la voix<\/li>\n<\/ul>\n<table>\n<tbody>\n<tr>\n<td>30 min<\/td>\n<td>90$<\/td>\n<\/tr>\n<tr>\n<td>1 heure<\/td>\n<td>150$<\/td>\n<\/tr>\n<tr>\n<td>4 heures<\/td>\n<td>580$<\/td>\n<\/tr>\n<\/tbody>\n<\/table>\n<p>&nbsp;<\/p>\n<p>[\/et_pb_tab][et_pb_tab title=\u00a0\u00bbLocation de local pour r\u00e9p\u00e9titions\u00a0\u00bb _builder_version=\u00a0\u00bb3.0.65&Prime;]<\/p>\n<ul>\n<li>Individuel<\/li>\n<li>Groupe<\/li>\n<\/ul>\n<table>\n<tbody>\n<tr>\n<td>Individuel<\/td>\n<td>25$\/heure<\/td>\n<\/tr>\n<tr>\n<td>Groupe<\/td>\n<td>100$\/heure<\/td>\n<\/tr>\n<\/tbody>\n<\/table>\n<p>&nbsp;<\/p>\n<p>[\/et_pb_tab] [\/et_pb_tabs][et_pb_text _builder_version=\u00a0\u00bb3.0.65&Prime; background_position=\u00a0\u00bbtop_left\u00a0\u00bb background_repeat=\u00a0\u00bbrepeat\u00a0\u00bb background_size=\u00a0\u00bbinitial\u00a0\u00bb \/][\/et_pb_column][\/et_pb_row][et_pb_row _builder_version=\u00a0\u00bb3.0.65&Prime; background_position=\u00a0\u00bbtop_left\u00a0\u00bb background_repeat=\u00a0\u00bbrepeat\u00a0\u00bb background_size=\u00a0\u00bbinitial\u00a0\u00bb][et_pb_column type=\u00a0\u00bb4_4&Prime;][et_pb_text _builder_version=\u00a0\u00bb3.0.65&Prime; background_position=\u00a0\u00bbtop_left\u00a0\u00bb background_repeat=\u00a0\u00bbrepeat\u00a0\u00bb background_size=\u00a0\u00bbinitial\u00a0\u00bb]<\/p>\n<p style=\"text-align: center;\">Studio dot\u00e9 des logiciels et de l\u2019\u00e9quipement \u00e0 la fine pointe de la technologie pour faire des enregistrements de qualit\u00e9. Utilisation d\u2019ordinateurs MAC et PC.<\/p>\n<p>[\/et_pb_text][et_pb_image _builder_version=\u00a0\u00bb3.0.65&Prime; src=\u00a0\u00bbhttps:\/\/productionsolo.com\/services\/wp-content\/uploads\/2013\/10\/enregistrement1.jpg\u00a0\u00bb show_in_lightbox=\u00a0\u00bboff\u00a0\u00bb url_new_window=\u00a0\u00bboff\u00a0\u00bb use_overlay=\u00a0\u00bboff\u00a0\u00bb sticky=\u00a0\u00bboff\u00a0\u00bb align=\u00a0\u00bbleft\u00a0\u00bb always_center_on_mobile=\u00a0\u00bbon\u00a0\u00bb border_style=\u00a0\u00bbsolid\u00a0\u00bb force_fullwidth=\u00a0\u00bboff\u00a0\u00bb \/][\/et_pb_column][\/et_pb_row][et_pb_row _builder_version=\u00a0\u00bb3.0.65&Prime; background_position=\u00a0\u00bbtop_left\u00a0\u00bb background_repeat=\u00a0\u00bbrepeat\u00a0\u00bb background_size=\u00a0\u00bbinitial\u00a0\u00bb][et_pb_column type=\u00a0\u00bb1_2&Prime;][et_pb_text _builder_version=\u00a0\u00bb3.0.65&Prime; background_position=\u00a0\u00bbtop_left\u00a0\u00bb background_repeat=\u00a0\u00bbrepeat\u00a0\u00bb background_size=\u00a0\u00bbinitial\u00a0\u00bb]<\/p>\n<h3>Logiciels :<\/h3>\n<ul type=\"disc\">\n<li>Absynthe<\/li>\n<li>Contr\u00f4leurs et claviers<\/li>\n<li>FM8<\/li>\n<li>Guitar Rig<\/li>\n<li>Komplete<\/li>\n<li>Maschine de Native Instruments<\/li>\n<\/ul>\n<p>[\/et_pb_text][\/et_pb_column][et_pb_column type=\u00a0\u00bb1_2&Prime;][et_pb_image src=\u00a0\u00bbhttps:\/\/productionsolo.com\/services\/wp-content\/uploads\/2013\/12\/maschine-massif.jpg\u00a0\u00bb _builder_version=\u00a0\u00bb3.0.65&Prime; \/][et_pb_image _builder_version=\u00a0\u00bb3.0.65&Prime; src=\u00a0\u00bbhttps:\/\/productionsolo.com\/services\/wp-content\/uploads\/2013\/10\/maschine.png\u00a0\u00bb show_in_lightbox=\u00a0\u00bboff\u00a0\u00bb url_new_window=\u00a0\u00bboff\u00a0\u00bb use_overlay=\u00a0\u00bboff\u00a0\u00bb sticky=\u00a0\u00bboff\u00a0\u00bb align=\u00a0\u00bbleft\u00a0\u00bb always_center_on_mobile=\u00a0\u00bbon\u00a0\u00bb border_style=\u00a0\u00bbsolid\u00a0\u00bb force_fullwidth=\u00a0\u00bboff\u00a0\u00bb \/][\/et_pb_column][\/et_pb_row][et_pb_row _builder_version=\u00a0\u00bb3.0.65&Prime; background_position=\u00a0\u00bbtop_left\u00a0\u00bb background_repeat=\u00a0\u00bbrepeat\u00a0\u00bb background_size=\u00a0\u00bbinitial\u00a0\u00bb][et_pb_column type=\u00a0\u00bb1_2&Prime;][et_pb_text _builder_version=\u00a0\u00bb3.0.65&Prime; background_position=\u00a0\u00bbtop_left\u00a0\u00bb background_repeat=\u00a0\u00bbrepeat\u00a0\u00bb background_size=\u00a0\u00bbinitial\u00a0\u00bb background_layout=\u00a0\u00bblight\u00a0\u00bb text_orientation=\u00a0\u00bbleft\u00a0\u00bb border_style=\u00a0\u00bbsolid\u00a0\u00bb]<\/p>\n<h3>Logiciels d\u2019enregistrement:<\/h3>\n<ul type=\"disc\">\n<li>Cubase<\/li>\n<li>Garage Band<\/li>\n<li>Pro Tools<\/li>\n<li>et autres<\/li>\n<\/ul>\n<p>[\/et_pb_text][\/et_pb_column][et_pb_column type=\u00a0\u00bb1_2&Prime;][et_pb_image src=\u00a0\u00bbhttps:\/\/productionsolo.com\/services\/wp-content\/uploads\/2013\/12\/logic-photo.jpg\u00a0\u00bb _builder_version=\u00a0\u00bb3.0.65&Prime; \/][\/et_pb_column][\/et_pb_row][et_pb_row _builder_version=\u00a0\u00bb3.0.65&Prime; background_position=\u00a0\u00bbtop_left\u00a0\u00bb background_repeat=\u00a0\u00bbrepeat\u00a0\u00bb background_size=\u00a0\u00bbinitial\u00a0\u00bb][et_pb_column type=\u00a0\u00bb1_2&Prime;][et_pb_text _builder_version=\u00a0\u00bb3.0.65&Prime; background_position=\u00a0\u00bbtop_left\u00a0\u00bb background_repeat=\u00a0\u00bbrepeat\u00a0\u00bb background_size=\u00a0\u00bbinitial\u00a0\u00bb]<\/p>\n<h3>Chanteurs et groupes de musique avec compositions:<\/h3>\n<ul type=\"disc\">\n<li>basse<\/li>\n<li>cuivres<\/li>\n<li>guitare<\/li>\n<li>percussions<\/li>\n<li>piano<\/li>\n<li>synth\u00e9tiseurs<\/li>\n<li>voix<\/li>\n<\/ul>\n<p>[\/et_pb_text][\/et_pb_column][et_pb_column type=\u00a0\u00bb1_2&Prime;][et_pb_image src=\u00a0\u00bbhttps:\/\/productionsolo.com\/services\/wp-content\/uploads\/2013\/10\/local.jpg\u00a0\u00bb _builder_version=\u00a0\u00bb3.0.65&Prime; \/][\/et_pb_column][\/et_pb_row][\/et_pb_section]<\/p>\n","protected":false},"excerpt":{"rendered":"<p>Tarifs \u00c9quipement de disque jockey fourni avec ordinateur et logiciels 30 min 30$ 1 heure 120$ 4 heures 40$ &nbsp; Studio insonoris\u00e9 Batterie inclus Syst\u00e8me de micros 30 min 25$ 1 heure 40$ 4 heures 150$ Studio insonoris\u00e9 Micros 30 min 20$ 1 heure 30$ 4 heures 110$ &nbsp; Studio insonoris\u00e9 Micros 30 min 25$ [&hellip;]<\/p>\n","protected":false},"author":1,"featured_media":0,"parent":0,"menu_order":0,"comment_status":"open","ping_status":"open","template":"","meta":{"_et_pb_use_builder":"on","_et_pb_old_content":"","_et_gb_content_width":"","footnotes":""},"class_list":["post-114","page","type-page","status-publish","hentry"],"yoast_head":"<!-- This site is optimized with the Yoast SEO plugin v24.3 - https:\/\/yoast.com\/wordpress\/plugins\/seo\/ -->\n<title>Studio d&#039;enregistrement - Production Solo<\/title>\n<meta name=\"robots\" content=\"index, follow, max-snippet:-1, max-image-preview:large, max-video-preview:-1\" \/>\n<link rel=\"canonical\" href=\"https:\/\/productionsolo.com\/services\/studio-denregistrement-2\/\" \/>\n<meta property=\"og:locale\" content=\"fr_CA\" \/>\n<meta property=\"og:type\" content=\"article\" \/>\n<meta property=\"og:title\" content=\"Studio d&#039;enregistrement - Production Solo\" \/>\n<meta property=\"og:description\" content=\"Tarifs \u00c9quipement de disque jockey fourni avec ordinateur et logiciels 30 min 30$ 1 heure 120$ 4 heures 40$ &nbsp; Studio insonoris\u00e9 Batterie inclus Syst\u00e8me de micros 30 min 25$ 1 heure 40$ 4 heures 150$ Studio insonoris\u00e9 Micros 30 min 20$ 1 heure 30$ 4 heures 110$ &nbsp; Studio insonoris\u00e9 Micros 30 min 25$ [&hellip;]\" \/>\n<meta property=\"og:url\" content=\"https:\/\/productionsolo.com\/services\/studio-denregistrement-2\/\" \/>\n<meta property=\"og:site_name\" content=\"Production Solo\" \/>\n<meta property=\"article:modified_time\" content=\"2017-08-02T17:39:01+00:00\" \/>\n<meta name=\"twitter:card\" content=\"summary_large_image\" \/>\n<meta name=\"twitter:label1\" content=\"Estimation du temps de lecture\" \/>\n\t<meta name=\"twitter:data1\" content=\"3 minutes\" \/>\n<script type=\"application\/ld+json\" class=\"yoast-schema-graph\">{\"@context\":\"https:\/\/schema.org\",\"@graph\":[{\"@type\":\"WebPage\",\"@id\":\"https:\/\/productionsolo.com\/services\/studio-denregistrement-2\/\",\"url\":\"https:\/\/productionsolo.com\/services\/studio-denregistrement-2\/\",\"name\":\"Studio d'enregistrement - Production Solo\",\"isPartOf\":{\"@id\":\"https:\/\/productionsolo.com\/services\/#website\"},\"datePublished\":\"2013-10-09T02:46:45+00:00\",\"dateModified\":\"2017-08-02T17:39:01+00:00\",\"breadcrumb\":{\"@id\":\"https:\/\/productionsolo.com\/services\/studio-denregistrement-2\/#breadcrumb\"},\"inLanguage\":\"fr-CA\",\"potentialAction\":[{\"@type\":\"ReadAction\",\"target\":[\"https:\/\/productionsolo.com\/services\/studio-denregistrement-2\/\"]}]},{\"@type\":\"BreadcrumbList\",\"@id\":\"https:\/\/productionsolo.com\/services\/studio-denregistrement-2\/#breadcrumb\",\"itemListElement\":[{\"@type\":\"ListItem\",\"position\":1,\"name\":\"Home\",\"item\":\"https:\/\/productionsolo.com\/services\/\"},{\"@type\":\"ListItem\",\"position\":2,\"name\":\"Studio d&rsquo;enregistrement\"}]},{\"@type\":\"WebSite\",\"@id\":\"https:\/\/productionsolo.com\/services\/#website\",\"url\":\"https:\/\/productionsolo.com\/services\/\",\"name\":\"Production Solo\",\"description\":\"Sp\u00e9cialiste audio et vid\u00e9o\",\"potentialAction\":[{\"@type\":\"SearchAction\",\"target\":{\"@type\":\"EntryPoint\",\"urlTemplate\":\"https:\/\/productionsolo.com\/services\/?s={search_term_string}\"},\"query-input\":{\"@type\":\"PropertyValueSpecification\",\"valueRequired\":true,\"valueName\":\"search_term_string\"}}],\"inLanguage\":\"fr-CA\"}]}<\/script>\n<!-- \/ Yoast SEO plugin. -->","yoast_head_json":{"title":"Studio d'enregistrement - Production Solo","robots":{"index":"index","follow":"follow","max-snippet":"max-snippet:-1","max-image-preview":"max-image-preview:large","max-video-preview":"max-video-preview:-1"},"canonical":"https:\/\/productionsolo.com\/services\/studio-denregistrement-2\/","og_locale":"fr_CA","og_type":"article","og_title":"Studio d'enregistrement - Production Solo","og_description":"Tarifs \u00c9quipement de disque jockey fourni avec ordinateur et logiciels 30 min 30$ 1 heure 120$ 4 heures 40$ &nbsp; Studio insonoris\u00e9 Batterie inclus Syst\u00e8me de micros 30 min 25$ 1 heure 40$ 4 heures 150$ Studio insonoris\u00e9 Micros 30 min 20$ 1 heure 30$ 4 heures 110$ &nbsp; Studio insonoris\u00e9 Micros 30 min 25$ [&hellip;]","og_url":"https:\/\/productionsolo.com\/services\/studio-denregistrement-2\/","og_site_name":"Production Solo","article_modified_time":"2017-08-02T17:39:01+00:00","twitter_card":"summary_large_image","twitter_misc":{"Estimation du temps de lecture":"3 minutes"},"schema":{"@context":"https:\/\/schema.org","@graph":[{"@type":"WebPage","@id":"https:\/\/productionsolo.com\/services\/studio-denregistrement-2\/","url":"https:\/\/productionsolo.com\/services\/studio-denregistrement-2\/","name":"Studio d'enregistrement - Production Solo","isPartOf":{"@id":"https:\/\/productionsolo.com\/services\/#website"},"datePublished":"2013-10-09T02:46:45+00:00","dateModified":"2017-08-02T17:39:01+00:00","breadcrumb":{"@id":"https:\/\/productionsolo.com\/services\/studio-denregistrement-2\/#breadcrumb"},"inLanguage":"fr-CA","potentialAction":[{"@type":"ReadAction","target":["https:\/\/productionsolo.com\/services\/studio-denregistrement-2\/"]}]},{"@type":"BreadcrumbList","@id":"https:\/\/productionsolo.com\/services\/studio-denregistrement-2\/#breadcrumb","itemListElement":[{"@type":"ListItem","position":1,"name":"Home","item":"https:\/\/productionsolo.com\/services\/"},{"@type":"ListItem","position":2,"name":"Studio d&rsquo;enregistrement"}]},{"@type":"WebSite","@id":"https:\/\/productionsolo.com\/services\/#website","url":"https:\/\/productionsolo.com\/services\/","name":"Production Solo","description":"Sp\u00e9cialiste audio et vid\u00e9o","potentialAction":[{"@type":"SearchAction","target":{"@type":"EntryPoint","urlTemplate":"https:\/\/productionsolo.com\/services\/?s={search_term_string}"},"query-input":{"@type":"PropertyValueSpecification","valueRequired":true,"valueName":"search_term_string"}}],"inLanguage":"fr-CA"}]}},"_links":{"self":[{"href":"https:\/\/productionsolo.com\/services\/wp-json\/wp\/v2\/pages\/114","targetHints":{"allow":["GET"]}}],"collection":[{"href":"https:\/\/productionsolo.com\/services\/wp-json\/wp\/v2\/pages"}],"about":[{"href":"https:\/\/productionsolo.com\/services\/wp-json\/wp\/v2\/types\/page"}],"author":[{"embeddable":true,"href":"https:\/\/productionsolo.com\/services\/wp-json\/wp\/v2\/users\/1"}],"replies":[{"embeddable":true,"href":"https:\/\/productionsolo.com\/services\/wp-json\/wp\/v2\/comments?post=114"}],"version-history":[{"count":10,"href":"https:\/\/productionsolo.com\/services\/wp-json\/wp\/v2\/pages\/114\/revisions"}],"predecessor-version":[{"id":688,"href":"https:\/\/productionsolo.com\/services\/wp-json\/wp\/v2\/pages\/114\/revisions\/688"}],"wp:attachment":[{"href":"https:\/\/productionsolo.com\/services\/wp-json\/wp\/v2\/media?parent=114"}],"curies":[{"name":"wp","href":"https:\/\/api.w.org\/{rel}","templated":true}]}}